{"id":5259,"date":"2023-07-31T15:40:08","date_gmt":"2023-07-31T13:40:08","guid":{"rendered":"https:\/\/www.ambassadorhotel.net\/urlaubspakete\/"},"modified":"2026-03-13T11:54:06","modified_gmt":"2026-03-13T10:54:06","slug":"urlaubspakete","status":"publish","type":"page","link":"https:\/\/www.ambassadorhotel.net\/de\/urlaubspakete\/","title":{"rendered":"Urlaubspakete"},"content":{"rendered":"\t\t<div data-elementor-type=\"wp-page\" data-elementor-id=\"5259\" class=\"elementor elementor-5259 elementor-1093\" data-elementor-post-type=\"page\">\n\t\t\t\t<div class=\"elementor-element elementor-element-a90bbb2 e-con-full e-flex e-con e-parent\" data-id=\"a90bbb2\" data-element_type=\"container\" data-e-type=\"container\">\n\t\t\t\t<div class=\"elementor-element elementor-element-faec512 elementor--h-position-center elementor--v-position-middle elementor-arrows-position-inside elementor-widget elementor-widget-slides\" data-id=\"faec512\" data-element_type=\"widget\" data-e-type=\"widget\" data-settings=\"{&quot;navigation&quot;:&quot;arrows&quot;,&quot;transition&quot;:&quot;fade&quot;,&quot;transition_speed&quot;:800,&quot;autoplay&quot;:&quot;yes&quot;,&quot;pause_on_hover&quot;:&quot;yes&quot;,&quot;pause_on_interaction&quot;:&quot;yes&quot;,&quot;autoplay_speed&quot;:5000,&quot;infinite&quot;:&quot;yes&quot;}\" data-widget_type=\"slides.default\">\n\t\t\t\t<div class=\"elementor-widget-container\">\n\t\t\t\t\t\t\t\t\t<div class=\"elementor-swiper\">\n\t\t\t\t\t<div class=\"elementor-slides-wrapper elementor-main-swiper swiper\" role=\"region\" aria-roledescription=\"carousel\" aria-label=\"Slides\" dir=\"ltr\" data-animation=\"fadeInUp\">\n\t\t\t\t<div class=\"swiper-wrapper elementor-slides\">\n\t\t\t\t\t\t\t\t\t\t<div class=\"elementor-repeater-item-6deb022 swiper-slide\" role=\"group\" aria-roledescription=\"slide\"><div class=\"swiper-slide-bg elementor-ken-burns elementor-ken-burns--out\" role=\"img\" aria-label=\"A child and adult relaxing on a sandy beach by the ocean.\"><\/div><div class=\"swiper-slide-inner\" ><div class=\"swiper-slide-contents\"><\/div><\/div><\/div>\t\t\t\t<\/div>\n\t\t\t\t\t\t\t<\/div>\n\t\t\t\t<\/div>\n\t\t\t\t\t\t\t\t<\/div>\n\t\t\t\t<\/div>\n\t\t\t\t<\/div>\n\t\t<div class=\"elementor-element elementor-element-92a8e8f e-con-full e-flex e-con e-parent\" data-id=\"92a8e8f\" data-element_type=\"container\" data-e-type=\"container\" id=\"down\">\n\t\t\t\t<div class=\"elementor-element elementor-element-966bd50 elementor-widget elementor-widget-heading\" data-id=\"966bd50\" data-element_type=\"widget\" data-e-type=\"widget\" data-widget_type=\"heading.default\">\n\t\t\t\t<div class=\"elementor-widget-container\">\n\t\t\t\t\t<h1 class=\"elementor-heading-title elementor-size-default\">Urlaubspakete im Hotel Ambassador in Riccione<\/h1>\t\t\t\t<\/div>\n\t\t\t\t<\/div>\n\t\t\t\t<div class=\"elementor-element elementor-element-88cc34f elementor-widget elementor-widget-heading\" data-id=\"88cc34f\" data-element_type=\"widget\" data-e-type=\"widget\" data-widget_type=\"heading.default\">\n\t\t\t\t<div class=\"elementor-widget-container\">\n\t\t\t\t\t<h2 class=\"elementor-heading-title elementor-size-default\">Flexible L\u00f6sungen f\u00fcr Familien und Paare, vom All-Inclusive-Aufenthalt bis zur Halbpension<\/h2>\t\t\t\t<\/div>\n\t\t\t\t<\/div>\n\t\t\t\t<div class=\"elementor-element elementor-element-548a3f1 elementor-widget elementor-widget-text-editor\" data-id=\"548a3f1\" data-element_type=\"widget\" data-e-type=\"widget\" data-widget_type=\"text-editor.default\">\n\t\t\t\t<div class=\"elementor-widget-container\">\n\t\t\t\t\t\t\t\t\t<p>Im Hotel Ambassador bieten wir verschiedene <strong>Urlaubspakete<\/strong> an, die auf die Bed\u00fcrfnisse von Familienreisenden und allen, die einen erholsamen Urlaub in Riccione verbringen m\u00f6chten, zugeschnitten sind und deren Leistungen bereits bei der Buchung klar und verst\u00e4ndlich sind.<\/p>\n<p>Die Lage im Thermalgebiet von Riccione erm\u00f6glicht einen Aufenthalt mit ausgewogenem Rhythmus zwischen Meer, Entspannung und Freizeit.<\/p>\n\t\t\t\t\t\t\t\t<\/div>\n\t\t\t\t<\/div>\n\t\t\t\t<div class=\"elementor-element elementor-element-65f97fa elementor-widget elementor-widget-text-editor\" data-id=\"65f97fa\" data-element_type=\"widget\" data-e-type=\"widget\" data-widget_type=\"text-editor.default\">\n\t\t\t\t<div class=\"elementor-widget-container\">\n\t\t\t\t\t\t\t\t\t<p><strong>Quelle:<\/strong> Gemeinde Riccione \u2013 Offizielle Touristeninformation<br \/><a href=\"https:\/\/www.comune.riccione.rn.it\/\" target=\"_blank\" rel=\"noopener\">https:\/\/www.comune.riccione.rn.it\/<\/a><\/p>\n<p><\/p>\n\t\t\t\t\t\t\t\t<\/div>\n\t\t\t\t<\/div>\n\t\t\t\t<\/div>\n\t\t<div class=\"elementor-element elementor-element-85d0e5e e-con-full e-flex e-con e-parent\" data-id=\"85d0e5e\" data-element_type=\"container\" data-e-type=\"container\">\n\t\t<div class=\"elementor-element elementor-element-88dc72f e-flex e-con-boxed e-con e-child\" data-id=\"88dc72f\" data-element_type=\"container\" data-e-type=\"container\" data-settings=\"{&quot;background_background&quot;:&quot;classic&quot;}\">\n\t\t\t\t\t<div class=\"e-con-inner\">\n\t\t\t\t<div class=\"elementor-element elementor-element-57caa55 elementor-widget elementor-widget-heading\" data-id=\"57caa55\" data-element_type=\"widget\" data-e-type=\"widget\" data-widget_type=\"heading.default\">\n\t\t\t\t<div class=\"elementor-widget-container\">\n\t\t\t\t\t<h3 class=\"elementor-heading-title elementor-size-default\">All-Inclusive-Formel<\/h3>\t\t\t\t<\/div>\n\t\t\t\t<\/div>\n\t\t\t\t<div class=\"elementor-element elementor-element-d00f8e8 elementor-widget elementor-widget-text-editor\" data-id=\"d00f8e8\" data-element_type=\"widget\" data-e-type=\"widget\" data-widget_type=\"text-editor.default\">\n\t\t\t\t<div class=\"elementor-widget-container\">\n\t\t\t\t\t\t\t\t\t<p>Die <strong>All-Inclusive-Formel<\/strong> ist f\u00fcr diejenigen gedacht, die einen sorgenfreien Urlaub mit Inklusivleistungen und einfacher Organisation w\u00fcnschen.<\/p>\n<p>Die Formel umfasst:<\/p>\n<ul dir=\"rtl\">\n<li><strong>Fr\u00fchst\u00fccksbuffet<\/strong><\/li>\n<li style=\"list-style-type: none;\" data-mce-style=\"list-style-type: none;\"><\/li>\n<li><strong>Abendessen mit Buffet und Getr\u00e4nken inklusive<\/strong><\/li>\n<li><strong>Stranddienst<\/strong> mit Sonnenschirm und Liegen<\/li>\n<li><strong>Strandt\u00fccher<\/strong><\/li>\n<li><strong>Nachmittagsjause f\u00fcr Kinder<\/strong>, in den vorgesehenen Formeln<\/li>\n<\/ul>\n<p>Eine L\u00f6sung, die vor allem von Familien gesch\u00e4tzt wird, aber auch f\u00fcr diejenigen geeignet ist, die ihren Urlaub klar und ohne unerwartete Kosten planen m\u00f6chten.<\/p>\n\t\t\t\t\t\t\t\t<\/div>\n\t\t\t\t<\/div>\n\t\t\t\t<div class=\"elementor-element elementor-element-afc6930 elementor-widget elementor-widget-heading\" data-id=\"afc6930\" data-element_type=\"widget\" data-e-type=\"widget\" data-widget_type=\"heading.default\">\n\t\t\t\t<div class=\"elementor-widget-container\">\n\t\t\t\t\t<h3 class=\"elementor-heading-title elementor-size-default\">Vollpension und Halbpension<\/h3>\t\t\t\t<\/div>\n\t\t\t\t<\/div>\n\t\t\t\t<div class=\"elementor-element elementor-element-a3fd6e7 elementor-widget elementor-widget-text-editor\" data-id=\"a3fd6e7\" data-element_type=\"widget\" data-e-type=\"widget\" data-widget_type=\"text-editor.default\">\n\t\t\t\t<div class=\"elementor-widget-container\">\n\t\t\t\t\t\t\t\t\t<p>F\u00fcr diejenigen, die mehr Flexibilit\u00e4t bevorzugen, bietet das Hotel Ambassador auch <strong>Vollpension<\/strong> und <strong>Halbpension<\/strong> an, ideal, um den Tag frei zu gestalten und Riccione nach dem eigenen Rhythmus zu erleben. <\/p>\n<p>Diese Angebote erm\u00f6glichen es Ihnen:<\/p>\n<ul dir=\"rtl\">\n<li>zu entscheiden, wie Sie Ihre Zeit zwischen Meer, Entspannung und Spazierg\u00e4ngen aufteilen m\u00f6chten<\/li>\n<li>die K\u00fcche des Hotels zu den wichtigsten Tageszeiten zu genie\u00dfen<\/li>\n<li>ein gutes Gleichgewicht zwischen Komfort und Unabh\u00e4ngigkeit zu wahren<\/li>\n<\/ul>\n<p><\/p>\n\t\t\t\t\t\t\t\t<\/div>\n\t\t\t\t<\/div>\n\t\t\t\t\t<\/div>\n\t\t\t\t<\/div>\n\t\t<div class=\"elementor-element elementor-element-8894666 e-flex e-con-boxed e-con e-child\" data-id=\"8894666\" data-element_type=\"container\" data-e-type=\"container\" data-settings=\"{&quot;background_background&quot;:&quot;classic&quot;}\">\n\t\t\t\t\t<div class=\"e-con-inner\">\n\t\t\t\t<div class=\"elementor-element elementor-element-590c0f7 elementor-widget elementor-widget-heading\" data-id=\"590c0f7\" data-element_type=\"widget\" data-e-type=\"widget\" data-widget_type=\"heading.default\">\n\t\t\t\t<div class=\"elementor-widget-container\">\n\t\t\t\t\t<h3 class=\"elementor-heading-title elementor-size-default\">Eine Formel, die f\u00fcr Familien und Paare geeignet ist<\/h3>\t\t\t\t<\/div>\n\t\t\t\t<\/div>\n\t\t\t\t<div class=\"elementor-element elementor-element-6cf3f83 elementor-widget elementor-widget-text-editor\" data-id=\"6cf3f83\" data-element_type=\"widget\" data-e-type=\"widget\" data-widget_type=\"text-editor.default\">\n\t\t\t\t<div class=\"elementor-widget-container\">\n\t\t\t\t\t\t\t\t\t<p>Die Urlaubspakete des Hotels Ambassador sind auf unterschiedliche Bed\u00fcrfnisse zugeschnitten. <br \/>Familien sch\u00e4tzen die \u00dcbersichtlichkeit der <strong>im Preis inbegriffenen Leistungen<\/strong> und die Aufmerksamkeit, die den Kindern gewidmet wird, w\u00e4hrend Paare bequeme L\u00f6sungen finden, um sich zu <strong>entspannen<\/strong> und Riccione in aller Ruhe zu genie\u00dfen. <\/p>\n<p>Die Riviera Romagnola ist seit jeher ein beliebtes Reiseziel aufgrund ihres vielf\u00e4ltigen touristischen Angebots und ihrer F\u00e4higkeit, sich an unterschiedliche Zielgruppen anzupassen. <\/p>\n\t\t\t\t\t\t\t\t<\/div>\n\t\t\t\t<\/div>\n\t\t\t\t<div class=\"elementor-element elementor-element-cb2970a elementor-widget elementor-widget-text-editor\" data-id=\"cb2970a\" data-element_type=\"widget\" data-e-type=\"widget\" data-widget_type=\"text-editor.default\">\n\t\t\t\t<div class=\"elementor-widget-container\">\n\t\t\t\t\t\t\t\t\t<p><strong>Quelle:<\/strong> Visit Romagna \u2013 Offizieller Tourismusverband der Riviera Romagnola<br \/><span style=\"color: #ffffff;\"><a style=\"color: #ffffff;\" href=\"https:\/\/www.visitromagna.it\/de\" target=\"_blank\" rel=\"noopener\">https:\/\/www.visitromagna.it\/de<\/a><\/span><\/p>\n\t\t\t\t\t\t\t\t<\/div>\n\t\t\t\t<\/div>\n\t\t\t\t\t<\/div>\n\t\t\t\t<\/div>\n\t\t\t\t<\/div>\n\t\t<div class=\"elementor-element elementor-element-d6d5c1a e-con-full e-flex e-con e-parent\" data-id=\"d6d5c1a\" data-element_type=\"container\" data-e-type=\"container\">\n\t\t\t\t<div class=\"elementor-element elementor-element-a466741 elementor-widget elementor-widget-heading\" data-id=\"a466741\" data-element_type=\"widget\" data-e-type=\"widget\" data-widget_type=\"heading.default\">\n\t\t\t\t<div class=\"elementor-widget-container\">\n\t\t\t\t\t<h2 class=\"elementor-heading-title elementor-size-default\">N\u00fctzliche Informationen zu den Aufenthaltsformeln<\/h2>\t\t\t\t<\/div>\n\t\t\t\t<\/div>\n\t\t\t\t<div class=\"elementor-element elementor-element-19a1b10 elementor-widget elementor-widget-text-editor\" data-id=\"19a1b10\" data-element_type=\"widget\" data-e-type=\"widget\" data-widget_type=\"text-editor.default\">\n\t\t\t\t<div class=\"elementor-widget-container\">\n\t\t\t\t\t\t\t\t\t<p>Die Angebote k\u00f6nnen je nach Saison und Verf\u00fcgbarkeit variieren.<br \/>Um allen G\u00e4sten eine ordentliche und ruhige Umgebung zu garantieren, <strong>akzeptiert das Hotel Ambassador keine Haustiere<\/strong>.<\/p>\n<p>F\u00fcr weitere Details zu den verf\u00fcgbaren Angeboten und den darin enthaltenen Leistungen empfehlen wir Ihnen, ein individuelles Angebot anzufordern.<\/p>\n<p><\/p>\n\t\t\t\t\t\t\t\t<\/div>\n\t\t\t\t<\/div>\n\t\t\t\t<div class=\"elementor-element elementor-element-55948ad elementor-align-center elementor-widget elementor-widget-button\" data-id=\"55948ad\" data-element_type=\"widget\" data-e-type=\"widget\" data-widget_type=\"button.default\">\n\t\t\t\t<div class=\"elementor-widget-container\">\n\t\t\t\t\t\t\t\t\t<div class=\"elementor-button-wrapper\">\n\t\t\t\t\t<a class=\"elementor-button elementor-button-link elementor-size-xl\" href=\"https:\/\/my.ambassadorhotel.net\/forms\/de-DE\/reservation\" target=\"_blank\">\n\t\t\t\t\t\t<span class=\"elementor-button-content-wrapper\">\n\t\t\t\t\t\t\t\t\t<span class=\"elementor-button-text\">W\u00e4hlen Sie Ihr Angebot!<\/span>\n\t\t\t\t\t<\/span>\n\t\t\t\t\t<\/a>\n\t\t\t\t<\/div>\n\t\t\t\t\t\t\t\t<\/div>\n\t\t\t\t<\/div>\n\t\t\t\t<\/div>\n\t\t<div class=\"elementor-element elementor-element-01ea894 e-con-full e-flex e-con e-parent\" data-id=\"01ea894\" data-element_type=\"container\" data-e-type=\"container\">\n\t\t\t\t<div class=\"elementor-element elementor-element-f0d2c6d elementor-widget elementor-widget-heading\" data-id=\"f0d2c6d\" data-element_type=\"widget\" data-e-type=\"widget\" data-widget_type=\"heading.default\">\n\t\t\t\t<div class=\"elementor-widget-container\">\n\t\t\t\t\t<h2 class=\"elementor-heading-title elementor-size-default\">H\u00e4ufig gestellte Fragen<\/h2>\t\t\t\t<\/div>\n\t\t\t\t<\/div>\n\t\t\t\t<div class=\"elementor-element elementor-element-fe48442 elementor-widget elementor-widget-n-accordion\" data-id=\"fe48442\" data-element_type=\"widget\" data-e-type=\"widget\" data-settings=\"{&quot;default_state&quot;:&quot;expanded&quot;,&quot;max_items_expended&quot;:&quot;one&quot;,&quot;n_accordion_animation_duration&quot;:{&quot;unit&quot;:&quot;ms&quot;,&quot;size&quot;:400,&quot;sizes&quot;:[]}}\" data-widget_type=\"nested-accordion.default\">\n\t\t\t\t<div class=\"elementor-widget-container\">\n\t\t\t\t\t\t\t<div class=\"e-n-accordion\" aria-label=\"Accordion. Open links with Enter or Space, close with Escape, and navigate with Arrow Keys\">\n\t\t\t\t\t\t<details id=\"e-n-accordion-item-2660\" class=\"e-n-accordion-item\" open>\n\t\t\t\t<summary class=\"e-n-accordion-item-title\" data-accordion-index=\"1\" tabindex=\"0\" aria-expanded=\"true\" aria-controls=\"e-n-accordion-item-2660\" >\n\t\t\t\t\t<span class='e-n-accordion-item-title-header'><h3 class=\"e-n-accordion-item-title-text\"> 1. Welche \u00dcbernachtungsm\u00f6glichkeiten bietet das Hotel Ambassador? <\/h3><\/span>\n\t\t\t\t\t\t\t<span class='e-n-accordion-item-title-icon'>\n\t\t\t<span class='e-opened' ><i aria-hidden=\"true\" class=\"far fa-angle-up\"><\/i><\/span>\n\t\t\t<span class='e-closed'><i aria-hidden=\"true\" class=\"far fa-angle-down\"><\/i><\/span>\n\t\t<\/span>\n\n\t\t\t\t\t\t<\/summary>\n\t\t\t\t<div role=\"region\" aria-labelledby=\"e-n-accordion-item-2660\" class=\"elementor-element elementor-element-390357a e-con-full e-flex e-con e-child\" data-id=\"390357a\" data-element_type=\"container\" data-e-type=\"container\">\n\t\t<div role=\"region\" aria-labelledby=\"e-n-accordion-item-2660\" class=\"elementor-element elementor-element-3012242 e-flex e-con-boxed e-con e-child\" data-id=\"3012242\" data-element_type=\"container\" data-e-type=\"container\">\n\t\t\t\t\t<div class=\"e-con-inner\">\n\t\t\t\t<div class=\"elementor-element elementor-element-468c62a elementor-widget elementor-widget-text-editor\" data-id=\"468c62a\" data-element_type=\"widget\" data-e-type=\"widget\" data-widget_type=\"text-editor.default\">\n\t\t\t\t<div class=\"elementor-widget-container\">\n\t\t\t\t\t\t\t\t\t<p>Das Hotel Ambassador bietet All-Inclusive-Formel, Vollpension und Halbpension, um den unterschiedlichen Bed\u00fcrfnissen von Familien und Paaren im Urlaub in Riccione gerecht zu werden. <\/p>\n<p><\/p>\n\t\t\t\t\t\t\t\t<\/div>\n\t\t\t\t<\/div>\n\t\t\t\t\t<\/div>\n\t\t\t\t<\/div>\n\t\t\t\t<\/div>\n\t\t\t\t\t<\/details>\n\t\t\t\t\t\t<details id=\"e-n-accordion-item-2661\" class=\"e-n-accordion-item\" >\n\t\t\t\t<summary class=\"e-n-accordion-item-title\" data-accordion-index=\"2\" tabindex=\"-1\" aria-expanded=\"false\" aria-controls=\"e-n-accordion-item-2661\" >\n\t\t\t\t\t<span class='e-n-accordion-item-title-header'><h3 class=\"e-n-accordion-item-title-text\"> 2. Was beinhaltet die All-Inclusive-Formel? <\/h3><\/span>\n\t\t\t\t\t\t\t<span class='e-n-accordion-item-title-icon'>\n\t\t\t<span class='e-opened' ><i aria-hidden=\"true\" class=\"far fa-angle-up\"><\/i><\/span>\n\t\t\t<span class='e-closed'><i aria-hidden=\"true\" class=\"far fa-angle-down\"><\/i><\/span>\n\t\t<\/span>\n\n\t\t\t\t\t\t<\/summary>\n\t\t\t\t<div role=\"region\" aria-labelledby=\"e-n-accordion-item-2661\" class=\"elementor-element elementor-element-6957606 e-con-full e-flex e-con e-child\" data-id=\"6957606\" data-element_type=\"container\" data-e-type=\"container\">\n\t\t<div role=\"region\" aria-labelledby=\"e-n-accordion-item-2661\" class=\"elementor-element elementor-element-f12841e e-flex e-con-boxed e-con e-child\" data-id=\"f12841e\" data-element_type=\"container\" data-e-type=\"container\">\n\t\t\t\t\t<div class=\"e-con-inner\">\n\t\t\t\t<div class=\"elementor-element elementor-element-7761e46 elementor-widget elementor-widget-text-editor\" data-id=\"7761e46\" data-element_type=\"widget\" data-e-type=\"widget\" data-widget_type=\"text-editor.default\">\n\t\t\t\t<div class=\"elementor-widget-container\">\n\t\t\t\t\t\t\t\t\t<p>Die All-Inclusive-Formel umfasst Fr\u00fchst\u00fccksbuffet, leichtes Mittagessen, Abendessen mit Buffet und Getr\u00e4nken, Strandservice mit Sonnenschirm und Liegen, Strandt\u00fccher und Nachmittagssnack f\u00fcr Kinder, gem\u00e4\u00df den vorgesehenen Formeln.<\/p>\n\t\t\t\t\t\t\t\t<\/div>\n\t\t\t\t<\/div>\n\t\t\t\t\t<\/div>\n\t\t\t\t<\/div>\n\t\t\t\t<\/div>\n\t\t\t\t\t<\/details>\n\t\t\t\t\t\t<details id=\"e-n-accordion-item-2662\" class=\"e-n-accordion-item\" >\n\t\t\t\t<summary class=\"e-n-accordion-item-title\" data-accordion-index=\"3\" tabindex=\"-1\" aria-expanded=\"false\" aria-controls=\"e-n-accordion-item-2662\" >\n\t\t\t\t\t<span class='e-n-accordion-item-title-header'><h3 class=\"e-n-accordion-item-title-text\"> 3. Ist es m\u00f6glich, eine andere Option als All Inclusive zu w\u00e4hlen? <\/h3><\/span>\n\t\t\t\t\t\t\t<span class='e-n-accordion-item-title-icon'>\n\t\t\t<span class='e-opened' ><i aria-hidden=\"true\" class=\"far fa-angle-up\"><\/i><\/span>\n\t\t\t<span class='e-closed'><i aria-hidden=\"true\" class=\"far fa-angle-down\"><\/i><\/span>\n\t\t<\/span>\n\n\t\t\t\t\t\t<\/summary>\n\t\t\t\t<div role=\"region\" aria-labelledby=\"e-n-accordion-item-2662\" class=\"elementor-element elementor-element-a0d3d1e e-con-full e-flex e-con e-child\" data-id=\"a0d3d1e\" data-element_type=\"container\" data-e-type=\"container\">\n\t\t<div role=\"region\" aria-labelledby=\"e-n-accordion-item-2662\" class=\"elementor-element elementor-element-8f13fd2 e-flex e-con-boxed e-con e-child\" data-id=\"8f13fd2\" data-element_type=\"container\" data-e-type=\"container\">\n\t\t\t\t\t<div class=\"e-con-inner\">\n\t\t\t\t<div class=\"elementor-element elementor-element-8fe3033 elementor-widget elementor-widget-text-editor\" data-id=\"8fe3033\" data-element_type=\"widget\" data-e-type=\"widget\" data-widget_type=\"text-editor.default\">\n\t\t\t\t<div class=\"elementor-widget-container\">\n\t\t\t\t\t\t\t\t\t<p>Ja, Sie k\u00f6nnen sich auch f\u00fcr Vollpension oder Halbpension entscheiden, ideale L\u00f6sungen f\u00fcr diejenigen, die mehr Freiheit bei der Gestaltung ihres Tagesablaufs w\u00fcnschen.<\/p>\n\t\t\t\t\t\t\t\t<\/div>\n\t\t\t\t<\/div>\n\t\t\t\t\t<\/div>\n\t\t\t\t<\/div>\n\t\t\t\t<\/div>\n\t\t\t\t\t<\/details>\n\t\t\t\t\t\t<details id=\"e-n-accordion-item-2663\" class=\"e-n-accordion-item\" >\n\t\t\t\t<summary class=\"e-n-accordion-item-title\" data-accordion-index=\"4\" tabindex=\"-1\" aria-expanded=\"false\" aria-controls=\"e-n-accordion-item-2663\" >\n\t\t\t\t\t<span class='e-n-accordion-item-title-header'><h3 class=\"e-n-accordion-item-title-text\"> 4. Sind die Urlaubspakete auch f\u00fcr Familien mit Kindern geeignet? <\/h3><\/span>\n\t\t\t\t\t\t\t<span class='e-n-accordion-item-title-icon'>\n\t\t\t<span class='e-opened' ><i aria-hidden=\"true\" class=\"far fa-angle-up\"><\/i><\/span>\n\t\t\t<span class='e-closed'><i aria-hidden=\"true\" class=\"far fa-angle-down\"><\/i><\/span>\n\t\t<\/span>\n\n\t\t\t\t\t\t<\/summary>\n\t\t\t\t<div role=\"region\" aria-labelledby=\"e-n-accordion-item-2663\" class=\"elementor-element elementor-element-db983e8 e-con-full e-flex e-con e-child\" data-id=\"db983e8\" data-element_type=\"container\" data-e-type=\"container\">\n\t\t<div role=\"region\" aria-labelledby=\"e-n-accordion-item-2663\" class=\"elementor-element elementor-element-3690ddd e-flex e-con-boxed e-con e-child\" data-id=\"3690ddd\" data-element_type=\"container\" data-e-type=\"container\">\n\t\t\t\t\t<div class=\"e-con-inner\">\n\t\t\t\t<div class=\"elementor-element elementor-element-3ecf593 elementor-widget elementor-widget-text-editor\" data-id=\"3ecf593\" data-element_type=\"widget\" data-e-type=\"widget\" data-widget_type=\"text-editor.default\">\n\t\t\t\t<div class=\"elementor-widget-container\">\n\t\t\t\t\t\t\t\t\t<p>Ja, die Angebote sind dank der \u00dcbersichtlichkeit der enthaltenen Leistungen und der besonderen Aufmerksamkeit f\u00fcr Kinder, wie z. B. dem Nachmittagssnack und der Organisation der Mahlzeiten, auch f\u00fcr Familien gedacht.<\/p>\n\t\t\t\t\t\t\t\t<\/div>\n\t\t\t\t<\/div>\n\t\t\t\t\t<\/div>\n\t\t\t\t<\/div>\n\t\t\t\t<\/div>\n\t\t\t\t\t<\/details>\n\t\t\t\t\t\t<details id=\"e-n-accordion-item-2664\" class=\"e-n-accordion-item\" >\n\t\t\t\t<summary class=\"e-n-accordion-item-title\" data-accordion-index=\"5\" tabindex=\"-1\" aria-expanded=\"false\" aria-controls=\"e-n-accordion-item-2664\" >\n\t\t\t\t\t<span class='e-n-accordion-item-title-header'><h3 class=\"e-n-accordion-item-title-text\"> 5. Variieren die Aufenthaltsformeln je nach Zeitraum? <\/h3><\/span>\n\t\t\t\t\t\t\t<span class='e-n-accordion-item-title-icon'>\n\t\t\t<span class='e-opened' ><i aria-hidden=\"true\" class=\"far fa-angle-up\"><\/i><\/span>\n\t\t\t<span class='e-closed'><i aria-hidden=\"true\" class=\"far fa-angle-down\"><\/i><\/span>\n\t\t<\/span>\n\n\t\t\t\t\t\t<\/summary>\n\t\t\t\t<div role=\"region\" aria-labelledby=\"e-n-accordion-item-2664\" class=\"elementor-element elementor-element-3b264e9 e-con-full e-flex e-con e-child\" data-id=\"3b264e9\" data-element_type=\"container\" data-e-type=\"container\">\n\t\t<div role=\"region\" aria-labelledby=\"e-n-accordion-item-2664\" class=\"elementor-element elementor-element-b74e677 e-flex e-con-boxed e-con e-child\" data-id=\"b74e677\" data-element_type=\"container\" data-e-type=\"container\">\n\t\t\t\t\t<div class=\"e-con-inner\">\n\t\t\t\t<div class=\"elementor-element elementor-element-372fa76 elementor-widget elementor-widget-text-editor\" data-id=\"372fa76\" data-element_type=\"widget\" data-e-type=\"widget\" data-widget_type=\"text-editor.default\">\n\t\t\t\t<div class=\"elementor-widget-container\">\n\t\t\t\t\t\t\t\t\t<p>Ja, die Men\u00fcs k\u00f6nnen je nach Saison und Verf\u00fcgbarkeit variieren. Es wird empfohlen, sich mit dem Hotel in Verbindung zu setzen, um ein aktuelles, individuelles Angebot zu erhalten.<\/p>\n\t\t\t\t\t\t\t\t<\/div>\n\t\t\t\t<\/div>\n\t\t\t\t\t<\/div>\n\t\t\t\t<\/div>\n\t\t\t\t<\/div>\n\t\t\t\t\t<\/details>\n\t\t\t\t\t<\/div>\n\t\t\t\t\t<script type=\"application\/ld+json\">{\"@context\":\"https:\\\/\\\/schema.org\",\"@type\":\"FAQPage\",\"mainEntity\":[{\"@type\":\"Question\",\"name\":\"1. Welche \\u00dcbernachtungsm\\u00f6glichkeiten bietet das Hotel Ambassador?\",\"acceptedAnswer\":{\"@type\":\"Answer\",\"text\":\"Das Hotel Ambassador bietet All-Inclusive-Formel, Vollpension und Halbpension, um den unterschiedlichen Bed\\u00fcrfnissen von Familien und Paaren im Urlaub in Riccione gerecht zu werden.\"}},{\"@type\":\"Question\",\"name\":\"2. Was beinhaltet die All-Inclusive-Formel?\",\"acceptedAnswer\":{\"@type\":\"Answer\",\"text\":\"Die All-Inclusive-Formel umfasst Fr\\u00fchst\\u00fccksbuffet, leichtes Mittagessen, Abendessen mit Buffet und Getr\\u00e4nken, Strandservice mit Sonnenschirm und Liegen, Strandt\\u00fccher und Nachmittagssnack f\\u00fcr Kinder, gem\\u00e4\\u00df den vorgesehenen Formeln.\"}},{\"@type\":\"Question\",\"name\":\"3. Ist es m\\u00f6glich, eine andere Option als All Inclusive zu w\\u00e4hlen?\",\"acceptedAnswer\":{\"@type\":\"Answer\",\"text\":\"Ja, Sie k\\u00f6nnen sich auch f\\u00fcr Vollpension oder Halbpension entscheiden, ideale L\\u00f6sungen f\\u00fcr diejenigen, die mehr Freiheit bei der Gestaltung ihres Tagesablaufs w\\u00fcnschen.\"}},{\"@type\":\"Question\",\"name\":\"4. Sind die Urlaubspakete auch f\\u00fcr Familien mit Kindern geeignet?\",\"acceptedAnswer\":{\"@type\":\"Answer\",\"text\":\"Ja, die Angebote sind dank der \\u00dcbersichtlichkeit der enthaltenen Leistungen und der besonderen Aufmerksamkeit f\\u00fcr Kinder, wie z. B. dem Nachmittagssnack und der Organisation der Mahlzeiten, auch f\\u00fcr Familien gedacht.\"}},{\"@type\":\"Question\",\"name\":\"5. Variieren die Aufenthaltsformeln je nach Zeitraum?\",\"acceptedAnswer\":{\"@type\":\"Answer\",\"text\":\"Ja, die Men\\u00fcs k\\u00f6nnen je nach Saison und Verf\\u00fcgbarkeit variieren. Es wird empfohlen, sich mit dem Hotel in Verbindung zu setzen, um ein aktuelles, individuelles Angebot zu erhalten.\"}}]}<\/script>\n\t\t\t\t\t\t\t<\/div>\n\t\t\t\t<\/div>\n\t\t\t\t<\/div>\n\t\t\t\t<\/div>\n\t\t","protected":false},"excerpt":{"rendered":"<p>Urlaubspakete im Hotel Ambassador in Riccione Flexible L\u00f6sungen f\u00fcr Familien und Paare, vom All-Inclusive-Aufenthalt bis zur Halbpension Im Hotel Ambassador bieten wir verschiedene Urlaubspakete an, die auf die Bed\u00fcrfnisse von Familienreisenden und allen, die einen erholsamen Urlaub in Riccione verbringen m\u00f6chten, zugeschnitten sind und deren Leistungen bereits bei der Buchung klar und verst\u00e4ndlich sind. Die [&hellip;]<\/p>\n","protected":false},"author":2,"featured_media":0,"parent":0,"menu_order":0,"comment_status":"closed","ping_status":"closed","template":"","meta":{"_acf_changed":false,"footnotes":""},"class_list":["post-5259","page","type-page","status-publish","hentry"],"acf":[],"_links":{"self":[{"href":"https:\/\/www.ambassadorhotel.net\/de\/wp-json\/wp\/v2\/pages\/5259","targetHints":{"allow":["GET"]}}],"collection":[{"href":"https:\/\/www.ambassadorhotel.net\/de\/wp-json\/wp\/v2\/pages"}],"about":[{"href":"https:\/\/www.ambassadorhotel.net\/de\/wp-json\/wp\/v2\/types\/page"}],"author":[{"embeddable":true,"href":"https:\/\/www.ambassadorhotel.net\/de\/wp-json\/wp\/v2\/users\/2"}],"replies":[{"embeddable":true,"href":"https:\/\/www.ambassadorhotel.net\/de\/wp-json\/wp\/v2\/comments?post=5259"}],"version-history":[{"count":3,"href":"https:\/\/www.ambassadorhotel.net\/de\/wp-json\/wp\/v2\/pages\/5259\/revisions"}],"predecessor-version":[{"id":5319,"href":"https:\/\/www.ambassadorhotel.net\/de\/wp-json\/wp\/v2\/pages\/5259\/revisions\/5319"}],"wp:attachment":[{"href":"https:\/\/www.ambassadorhotel.net\/de\/wp-json\/wp\/v2\/media?parent=5259"}],"curies":[{"name":"wp","href":"https:\/\/api.w.org\/{rel}","templated":true}]}}