{"id":1488,"date":"2023-07-24T15:52:30","date_gmt":"2023-07-24T13:52:30","guid":{"rendered":"http:\/\/www.ambassadorhotel.net\/ristaurant\/"},"modified":"2024-05-27T11:00:29","modified_gmt":"2024-05-27T09:00:29","slug":"restaurant","status":"publish","type":"page","link":"https:\/\/www.ambassadorhotel.net\/de\/restaurant\/","title":{"rendered":"Restaurant"},"content":{"rendered":"\t\t<div data-elementor-type=\"wp-page\" data-elementor-id=\"1488\" class=\"elementor elementor-1488 elementor-923\" data-elementor-post-type=\"page\">\n\t\t\t\t<div class=\"elementor-element elementor-element-a90bbb2 e-con-full e-flex e-con e-parent\" data-id=\"a90bbb2\" data-element_type=\"container\" data-e-type=\"container\">\n\t\t\t\t<div class=\"elementor-element elementor-element-faec512 elementor--h-position-center elementor--v-position-middle elementor-arrows-position-inside elementor-widget elementor-widget-slides\" data-id=\"faec512\" data-element_type=\"widget\" data-e-type=\"widget\" data-settings=\"{&quot;navigation&quot;:&quot;arrows&quot;,&quot;transition&quot;:&quot;fade&quot;,&quot;transition_speed&quot;:800,&quot;autoplay&quot;:&quot;yes&quot;,&quot;pause_on_hover&quot;:&quot;yes&quot;,&quot;pause_on_interaction&quot;:&quot;yes&quot;,&quot;autoplay_speed&quot;:5000,&quot;infinite&quot;:&quot;yes&quot;}\" data-widget_type=\"slides.default\">\n\t\t\t\t<div class=\"elementor-widget-container\">\n\t\t\t\t\t\t\t\t\t<div class=\"elementor-swiper\">\n\t\t\t\t\t<div class=\"elementor-slides-wrapper elementor-main-swiper swiper\" role=\"region\" aria-roledescription=\"carousel\" aria-label=\"Slider\" dir=\"ltr\" data-animation=\"fadeInUp\">\n\t\t\t\t<div class=\"swiper-wrapper elementor-slides\">\n\t\t\t\t\t\t\t\t\t\t<div class=\"elementor-repeater-item-6deb022 swiper-slide\" role=\"group\" aria-roledescription=\"slide\"><div class=\"swiper-slide-bg elementor-ken-burns elementor-ken-burns--out\" role=\"img\" aria-label=\"Un buffet con vassoi di frutta variopinta e affettata.\"><\/div><div class=\"swiper-slide-inner\" ><div class=\"swiper-slide-contents\"><\/div><\/div><\/div><div class=\"elementor-repeater-item-ac6a313 swiper-slide\" role=\"group\" aria-roledescription=\"slide\"><div class=\"swiper-slide-bg elementor-ken-burns elementor-ken-burns--out\" role=\"img\" aria-label=\"Ristorante moderno con tavoli apparecchiati, illuminato da luci colorate.\"><\/div><div class=\"swiper-slide-inner\" ><div class=\"swiper-slide-contents\"><\/div><\/div><\/div><div class=\"elementor-repeater-item-ffdc718 swiper-slide\" role=\"group\" aria-roledescription=\"slide\"><div class=\"swiper-slide-bg elementor-ken-burns elementor-ken-burns--out\" role=\"img\" aria-label=\"Buffet di insalate e verdure fresche su un bancone bianco in un ristorante.\"><\/div><div class=\"swiper-slide-inner\" ><div class=\"swiper-slide-contents\"><\/div><\/div><\/div><div class=\"elementor-repeater-item-572e7c8 swiper-slide\" role=\"group\" aria-roledescription=\"slide\"><div class=\"swiper-slide-bg elementor-ken-burns elementor-ken-burns--out\" role=\"img\" aria-label=\"Due piatti di pesce fresco con guarnizioni colorate su un vassoio bianco.\"><\/div><div class=\"swiper-slide-inner\" ><div class=\"swiper-slide-contents\"><\/div><\/div><\/div><div class=\"elementor-repeater-item-3f174a3 swiper-slide\" role=\"group\" aria-roledescription=\"slide\"><div class=\"swiper-slide-bg elementor-ken-burns elementor-ken-burns--out\" role=\"img\" aria-label=\"Dessert semifreddo decorato con panna, salse di frutta e scaglie di cioccolato su vassoio dorato.\"><\/div><div class=\"swiper-slide-inner\" ><div class=\"swiper-slide-contents\"><\/div><\/div><\/div><div class=\"elementor-repeater-item-5f16712 swiper-slide\" role=\"group\" aria-roledescription=\"slide\"><div class=\"swiper-slide-bg elementor-ken-burns elementor-ken-burns--out\" role=\"img\" aria-label=\"Ciotole di dessert con savoiardi e nocciole su un tavolo di dolci.\"><\/div><div class=\"swiper-slide-inner\" ><div class=\"swiper-slide-contents\"><\/div><\/div><\/div><div class=\"elementor-repeater-item-20fb573 swiper-slide\" role=\"group\" aria-roledescription=\"slide\"><div class=\"swiper-slide-bg elementor-ken-burns elementor-ken-burns--out\" role=\"img\" aria-label=\"Chef prepara la pasta in cucina con un buffet di contorno.\"><\/div><div class=\"swiper-slide-inner\" ><div class=\"swiper-slide-contents\"><\/div><\/div><\/div><div class=\"elementor-repeater-item-a8228be swiper-slide\" role=\"group\" aria-roledescription=\"slide\"><div class=\"swiper-slide-bg elementor-ken-burns elementor-ken-burns--out\" role=\"img\" aria-label=\"Buffet di piatti freddi con pesce, verdure e guarnizioni di limone.\"><\/div><div class=\"swiper-slide-inner\" ><div class=\"swiper-slide-contents\"><\/div><\/div><\/div>\t\t\t\t<\/div>\n\t\t\t\t\t\t\t\t\t\t\t\t\t\t\t<div class=\"elementor-swiper-button elementor-swiper-button-prev\" role=\"button\" tabindex=\"0\" aria-label=\"Vorheriger Slide\">\n\t\t\t\t\t\t\t<i aria-hidden=\"true\" class=\"eicon-chevron-left\"><\/i>\t\t\t\t\t\t<\/div>\n\t\t\t\t\t\t<div class=\"elementor-swiper-button elementor-swiper-button-next\" role=\"button\" tabindex=\"0\" aria-label=\"N\u00e4chster Slide\">\n\t\t\t\t\t\t\t<i aria-hidden=\"true\" class=\"eicon-chevron-right\"><\/i>\t\t\t\t\t\t<\/div>\n\t\t\t\t\t\t\t\t\t\t\t\t\t\t\t\t\t<\/div>\n\t\t\t\t<\/div>\n\t\t\t\t\t\t\t\t<\/div>\n\t\t\t\t<\/div>\n\t\t\t\t<\/div>\n\t\t<div class=\"elementor-element elementor-element-92a8e8f e-con-full e-flex e-con e-parent\" data-id=\"92a8e8f\" data-element_type=\"container\" data-e-type=\"container\" id=\"down\">\n\t\t\t\t<div class=\"elementor-element elementor-element-966bd50 elementor-widget elementor-widget-heading\" data-id=\"966bd50\" data-element_type=\"widget\" data-e-type=\"widget\" data-widget_type=\"heading.default\">\n\t\t\t\t<div class=\"elementor-widget-container\">\n\t\t\t\t\t<h1 class=\"elementor-heading-title elementor-size-default\">RESTAURANT<\/h1>\t\t\t\t<\/div>\n\t\t\t\t<\/div>\n\t\t\t\t<div class=\"elementor-element elementor-element-88cc34f elementor-widget elementor-widget-heading\" data-id=\"88cc34f\" data-element_type=\"widget\" data-e-type=\"widget\" data-widget_type=\"heading.default\">\n\t\t\t\t<div class=\"elementor-widget-container\">\n\t\t\t\t\t<h2 class=\"elementor-heading-title elementor-size-default\">Die Romagna? Der Ort, an dem man gut isst<\/h2>\t\t\t\t<\/div>\n\t\t\t\t<\/div>\n\t\t\t\t<div class=\"elementor-element elementor-element-548a3f1 elementor-widget elementor-widget-text-editor\" data-id=\"548a3f1\" data-element_type=\"widget\" data-e-type=\"widget\" data-widget_type=\"text-editor.default\">\n\t\t\t\t<div class=\"elementor-widget-container\">\n\t\t\t\t\t\t\t\t\t<p>Sonne, Meer und gutes Essen. Das sind die Bestandteile, die im Laufe der Zeit die\u00a0<strong>Riviera Romagnola<\/strong>\u00a0und\u00a0<strong>Riccione<\/strong>\u00a0ber\u00fchmt gemacht haben.<\/p>\n<p>Die\u00a0<strong>K\u00fcche des Hotels Ambassador<\/strong>\u00a0 besteht aus Echtheit und Frische, aus Sorgfalt und Leidenschaft, die uns seit jeher kennzeichnen.<\/p>\n\t\t\t\t\t\t\t\t<\/div>\n\t\t\t\t<\/div>\n\t\t\t\t<\/div>\n\t\t<div class=\"elementor-element elementor-element-b9cb04f e-con-full e-flex e-con e-parent\" data-id=\"b9cb04f\" data-element_type=\"container\" data-e-type=\"container\" data-settings=\"{&quot;background_background&quot;:&quot;classic&quot;}\">\n\t\t\t\t<\/div>\n\t\t<div class=\"elementor-element elementor-element-85d0e5e e-con-full e-flex e-con e-parent\" data-id=\"85d0e5e\" data-element_type=\"container\" data-e-type=\"container\">\n\t\t<div class=\"elementor-element elementor-element-88dc72f e-con-full e-flex e-con e-child\" data-id=\"88dc72f\" data-element_type=\"container\" data-e-type=\"container\">\n\t\t\t\t<div class=\"elementor-element elementor-element-080fa16 elementor-widget elementor-widget-heading\" data-id=\"080fa16\" data-element_type=\"widget\" data-e-type=\"widget\" data-widget_type=\"heading.default\">\n\t\t\t\t<div class=\"elementor-widget-container\">\n\t\t\t\t\t<h4 class=\"elementor-heading-title elementor-size-default\">Tradition und Fantasie<\/h4>\t\t\t\t<\/div>\n\t\t\t\t<\/div>\n\t\t\t\t<div class=\"elementor-element elementor-element-f84af1a elementor-widget elementor-widget-text-editor\" data-id=\"f84af1a\" data-element_type=\"widget\" data-e-type=\"widget\" data-widget_type=\"text-editor.default\">\n\t\t\t\t<div class=\"elementor-widget-container\">\n\t\t\t\t\t\t\t\t\t<p>Unser Chefkoch vermischt in seinen Angeboten f\u00fcr das Mittagessen und das Abendessen geschickt Tradition und Fantasie miteinander, und so entstehen\u00a0<strong>schmackhafte Fleischmen\u00fcs<\/strong>,\u00a0<strong>Fischmen\u00fcs<\/strong>\u00a0<strong>und vegetarische Men\u00fcs<\/strong>, darunter zeichnen sich die\u00a0<strong>frischen hausgemachten Nudeln<\/strong>\u00a0aus.<\/p>\n<p>Ein leckeres und buntes <strong>Gem\u00fcse- und Vorspeisenb\u00fcfett<\/strong>\u00a0bietet eine Reihe von Gerichten, ein Genuss f\u00fcr die Augen und f\u00fcr den Gaumen und zum Schluss&#8230; eine Auswahl k\u00f6stlicher\u00a0<strong>hausgemachter Desserts<\/strong>, cremiger Nachspeisen und weicher, sch\u00f6ner und vorz\u00fcglicher Torten.<\/p>\n<p>Eine <strong>erlesener Weinkarte<\/strong>\u00a0wird die richtige Harmonie zwischen unvergesslichen\u00a0<strong>D\u00fcften und Geschm\u00e4cken<\/strong>\u00a0schaffen.<\/p>\n\t\t\t\t\t\t\t\t<\/div>\n\t\t\t\t<\/div>\n\t\t\t\t<\/div>\n\t\t<div class=\"elementor-element elementor-element-8894666 e-flex e-con-boxed e-con e-child\" data-id=\"8894666\" data-element_type=\"container\" data-e-type=\"container\">\n\t\t\t\t\t<div class=\"e-con-inner\">\n\t\t\t\t<div class=\"elementor-element elementor-element-590c0f7 elementor-widget elementor-widget-heading\" data-id=\"590c0f7\" data-element_type=\"widget\" data-e-type=\"widget\" data-widget_type=\"heading.default\">\n\t\t\t\t<div class=\"elementor-widget-container\">\n\t\t\t\t\t<h4 class=\"elementor-heading-title elementor-size-default\">Ein guter Tag f\u00e4ngt morgens an<\/h4>\t\t\t\t<\/div>\n\t\t\t\t<\/div>\n\t\t\t\t<div class=\"elementor-element elementor-element-36ee7a5 elementor-widget elementor-widget-text-editor\" data-id=\"36ee7a5\" data-element_type=\"widget\" data-e-type=\"widget\" data-widget_type=\"text-editor.default\">\n\t\t\t\t<div class=\"elementor-widget-container\">\n\t\t\t\t\t\t\t\t\t<p>Zum Fr\u00fchst\u00fcck erwartet Sie\u00a0<strong>ein reiches und schmackhaftes B\u00fcfett<\/strong>\u00a0f\u00fcr ein sanftes Erwachen: Brioches, Krapfen, M\u00fcrbeteigkuchen, Torten und frisches Geb\u00e4ck, alles von unserem Chefkoch zubereitet, neben einer Bio- und Di\u00e4tecke.<\/p>\n\t\t\t\t\t\t\t\t<\/div>\n\t\t\t\t<\/div>\n\t\t\t\t<div class=\"elementor-element elementor-element-2cf88ee elementor-widget elementor-widget-heading\" data-id=\"2cf88ee\" data-element_type=\"widget\" data-e-type=\"widget\" data-widget_type=\"heading.default\">\n\t\t\t\t<div class=\"elementor-widget-container\">\n\t\t\t\t\t<h4 class=\"elementor-heading-title elementor-size-default\">Noch mehr Geschmack mit den Spezialabenden<\/h4>\t\t\t\t<\/div>\n\t\t\t\t<\/div>\n\t\t\t\t<div class=\"elementor-element elementor-element-6cf3f83 elementor-widget elementor-widget-text-editor\" data-id=\"6cf3f83\" data-element_type=\"widget\" data-e-type=\"widget\" data-widget_type=\"text-editor.default\">\n\t\t\t\t<div class=\"elementor-widget-container\">\n\t\t\t\t\t\t\t\t\t<div class=\"MIDDLE-col50b tl\">Unseren G\u00e4sten bleiben die\u00a0<em>Spezialabende<\/em>\u00a0immer in Erinnerung, wie das\u00a0<strong><em>Romagnolische Abendmahl<\/em><\/strong>\u00a0(eine spektakul\u00e4re Pr\u00e4sentation von typischen Gerichten der romagnolischen Tradition), das\u00a0<strong><em>Gala-Diner<\/em><\/strong>\u00a0und das fantastische\u00a0<strong><em>Diner En Rose<\/em><\/strong>, um in\u00a0<strong>Riccione<\/strong>\u00a0die ber\u00fchmte\u00a0<strong><em>Notte Rosa (Rosa Nacht)<\/em><\/strong>\u00a0zu feiern.<\/div>\n\t\t\t\t\t\t\t\t<\/div>\n\t\t\t\t<\/div>\n\t\t\t\t\t<\/div>\n\t\t\t\t<\/div>\n\t\t\t\t<\/div>\n\t\t\t\t<\/div>\n\t\t","protected":false},"excerpt":{"rendered":"<p>Previous slide Next slide RESTAURANT Die Romagna? Der Ort, an dem man gut isst Sonne, Meer und gutes Essen. Das sind die Bestandteile, die im Laufe der Zeit die\u00a0Riviera Romagnola\u00a0und\u00a0Riccione\u00a0ber\u00fchmt gemacht haben. Die\u00a0K\u00fcche des Hotels Ambassador\u00a0 besteht aus Echtheit und Frische, aus Sorgfalt und Leidenschaft, die uns seit jeher kennzeichnen. Tradition und Fantasie Unser Chefkoch [&hellip;]<\/p>\n","protected":false},"author":2,"featured_media":0,"parent":0,"menu_order":0,"comment_status":"closed","ping_status":"closed","template":"","meta":{"_acf_changed":false,"footnotes":""},"class_list":["post-1488","page","type-page","status-publish","hentry"],"acf":[],"_links":{"self":[{"href":"https:\/\/www.ambassadorhotel.net\/de\/wp-json\/wp\/v2\/pages\/1488","targetHints":{"allow":["GET"]}}],"collection":[{"href":"https:\/\/www.ambassadorhotel.net\/de\/wp-json\/wp\/v2\/pages"}],"about":[{"href":"https:\/\/www.ambassadorhotel.net\/de\/wp-json\/wp\/v2\/types\/page"}],"author":[{"embeddable":true,"href":"https:\/\/www.ambassadorhotel.net\/de\/wp-json\/wp\/v2\/users\/2"}],"replies":[{"embeddable":true,"href":"https:\/\/www.ambassadorhotel.net\/de\/wp-json\/wp\/v2\/comments?post=1488"}],"version-history":[{"count":3,"href":"https:\/\/www.ambassadorhotel.net\/de\/wp-json\/wp\/v2\/pages\/1488\/revisions"}],"predecessor-version":[{"id":3540,"href":"https:\/\/www.ambassadorhotel.net\/de\/wp-json\/wp\/v2\/pages\/1488\/revisions\/3540"}],"wp:attachment":[{"href":"https:\/\/www.ambassadorhotel.net\/de\/wp-json\/wp\/v2\/media?parent=1488"}],"curies":[{"name":"wp","href":"https:\/\/api.w.org\/{rel}","templated":true}]}}