{"id":1486,"date":"2023-08-07T15:18:26","date_gmt":"2023-08-07T13:18:26","guid":{"rendered":"http:\/\/www.ambassadorhotel.net\/vergnuegungsparks\/"},"modified":"2024-05-27T10:56:37","modified_gmt":"2024-05-27T08:56:37","slug":"vergnuegungsparks","status":"publish","type":"page","link":"https:\/\/www.ambassadorhotel.net\/de\/vergnuegungsparks\/","title":{"rendered":"Vergn\u00fcgungsparks"},"content":{"rendered":"\t\t<div data-elementor-type=\"wp-page\" data-elementor-id=\"1486\" class=\"elementor elementor-1486 elementor-1179\" data-elementor-post-type=\"page\">\n\t\t\t\t<div class=\"elementor-element elementor-element-a90bbb2 e-con-full e-flex e-con e-parent\" data-id=\"a90bbb2\" data-element_type=\"container\" data-e-type=\"container\">\n\t\t\t\t<div class=\"elementor-element elementor-element-faec512 elementor--h-position-center elementor--v-position-middle elementor-arrows-position-inside elementor-widget elementor-widget-slides\" data-id=\"faec512\" data-element_type=\"widget\" data-e-type=\"widget\" data-settings=\"{&quot;navigation&quot;:&quot;arrows&quot;,&quot;transition&quot;:&quot;fade&quot;,&quot;transition_speed&quot;:800,&quot;autoplay&quot;:&quot;yes&quot;,&quot;pause_on_hover&quot;:&quot;yes&quot;,&quot;pause_on_interaction&quot;:&quot;yes&quot;,&quot;autoplay_speed&quot;:5000,&quot;infinite&quot;:&quot;yes&quot;}\" data-widget_type=\"slides.default\">\n\t\t\t\t<div class=\"elementor-widget-container\">\n\t\t\t\t\t\t\t\t\t<div class=\"elementor-swiper\">\n\t\t\t\t\t<div class=\"elementor-slides-wrapper elementor-main-swiper swiper\" role=\"region\" aria-roledescription=\"carousel\" aria-label=\"Slider\" dir=\"ltr\" data-animation=\"fadeInUp\">\n\t\t\t\t<div class=\"swiper-wrapper elementor-slides\">\n\t\t\t\t\t\t\t\t\t\t<div class=\"elementor-repeater-item-6deb022 swiper-slide\" role=\"group\" aria-roledescription=\"slide\"><div class=\"swiper-slide-bg elementor-ken-burns elementor-ken-burns--out\" role=\"img\" aria-label=\"Una bambina osserva un beluga attraverso una vetrata in un acquario.\"><\/div><div class=\"swiper-slide-inner\" ><div class=\"swiper-slide-contents\"><\/div><\/div><\/div><div class=\"elementor-repeater-item-ec116d8 swiper-slide\" role=\"group\" aria-roledescription=\"slide\"><div class=\"swiper-slide-bg elementor-ken-burns elementor-ken-burns--out\" role=\"img\" aria-label=\"Una donna sorridente su un gommone scivola nell&#039;acqua di un parco acquatico.\"><\/div><div class=\"swiper-slide-inner\" ><div class=\"swiper-slide-contents\"><\/div><\/div><\/div><div class=\"elementor-repeater-item-2506c21 swiper-slide\" role=\"group\" aria-roledescription=\"slide\"><div class=\"swiper-slide-bg elementor-ken-burns elementor-ken-burns--out\" role=\"img\" aria-label=\"Persone che si divertono su un&#039;ottovolante rossa a tema Formula 1.\"><\/div><div class=\"swiper-slide-inner\" ><div class=\"swiper-slide-contents\"><\/div><\/div><\/div><div class=\"elementor-repeater-item-9dbd048 swiper-slide\" role=\"group\" aria-roledescription=\"slide\"><div class=\"swiper-slide-bg elementor-ken-burns elementor-ken-burns--out\" role=\"img\" aria-label=\"Battello a vapore bianco attraccato a un molo circondato da alberi verdi.\"><\/div><div class=\"swiper-slide-inner\" ><div class=\"swiper-slide-contents\"><\/div><\/div><\/div><div class=\"elementor-repeater-item-f15efee swiper-slide\" role=\"group\" aria-roledescription=\"slide\"><div class=\"swiper-slide-bg elementor-ken-burns elementor-ken-burns--out\" role=\"img\" aria-label=\"Persone che camminano in un giardino botanico con una cascata e vegetazione lussureggiante.\"><\/div><div class=\"swiper-slide-inner\" ><div class=\"swiper-slide-contents\"><\/div><\/div><\/div><div class=\"elementor-repeater-item-51c52d5 swiper-slide\" role=\"group\" aria-roledescription=\"slide\"><div class=\"swiper-slide-bg elementor-ken-burns elementor-ken-burns--out\" role=\"img\" aria-label=\"Famiglia osserva squali in un acquario attraverso una grande vetrata.\"><\/div><div class=\"swiper-slide-inner\" ><div class=\"swiper-slide-contents\"><\/div><\/div><\/div><div class=\"elementor-repeater-item-b46a24a swiper-slide\" role=\"group\" aria-roledescription=\"slide\"><div class=\"swiper-slide-bg elementor-ken-burns elementor-ken-burns--out\" role=\"img\" aria-label=\"Delfini che saltano fuori dall&#039;acqua in uno spettacolo acquatico.\"><\/div><div class=\"swiper-slide-inner\" ><div class=\"swiper-slide-contents\"><\/div><\/div><\/div><div class=\"elementor-repeater-item-25cf849 swiper-slide\" role=\"group\" aria-roledescription=\"slide\"><div class=\"swiper-slide-bg elementor-ken-burns elementor-ken-burns--out\" role=\"img\" aria-label=\"Visitatori in un parco di miniature mentre un monorotaia passa sopra di loro.\"><\/div><div class=\"swiper-slide-inner\" ><div class=\"swiper-slide-contents\"><\/div><\/div><\/div>\t\t\t\t<\/div>\n\t\t\t\t\t\t\t\t\t\t\t\t\t\t\t<div class=\"elementor-swiper-button elementor-swiper-button-prev\" role=\"button\" tabindex=\"0\" aria-label=\"Vorheriger Slide\">\n\t\t\t\t\t\t\t<i aria-hidden=\"true\" class=\"eicon-chevron-left\"><\/i>\t\t\t\t\t\t<\/div>\n\t\t\t\t\t\t<div class=\"elementor-swiper-button elementor-swiper-button-next\" role=\"button\" tabindex=\"0\" aria-label=\"N\u00e4chster Slide\">\n\t\t\t\t\t\t\t<i aria-hidden=\"true\" class=\"eicon-chevron-right\"><\/i>\t\t\t\t\t\t<\/div>\n\t\t\t\t\t\t\t\t\t\t\t\t\t\t\t\t\t<\/div>\n\t\t\t\t<\/div>\n\t\t\t\t\t\t\t\t<\/div>\n\t\t\t\t<\/div>\n\t\t\t\t<\/div>\n\t\t<div class=\"elementor-element elementor-element-92a8e8f e-con-full e-flex e-con e-parent\" data-id=\"92a8e8f\" data-element_type=\"container\" data-e-type=\"container\" id=\"down\">\n\t\t\t\t<div class=\"elementor-element elementor-element-966bd50 elementor-widget elementor-widget-heading\" data-id=\"966bd50\" data-element_type=\"widget\" data-e-type=\"widget\" data-widget_type=\"heading.default\">\n\t\t\t\t<div class=\"elementor-widget-container\">\n\t\t\t\t\t<h1 class=\"elementor-heading-title elementor-size-default\">Vergn\u00fcgungsparks<\/h1>\t\t\t\t<\/div>\n\t\t\t\t<\/div>\n\t\t\t\t<div class=\"elementor-element elementor-element-88cc34f elementor-widget elementor-widget-heading\" data-id=\"88cc34f\" data-element_type=\"widget\" data-e-type=\"widget\" data-widget_type=\"heading.default\">\n\t\t\t\t<div class=\"elementor-widget-container\">\n\t\t\t\t\t<h2 class=\"elementor-heading-title elementor-size-default\">Aquafan, Oltremare und viele andere Parks. Das Vergn\u00fcgen erwartet Sie in der Romagna    <\/h2>\t\t\t\t<\/div>\n\t\t\t\t<\/div>\n\t\t\t\t<div class=\"elementor-element elementor-element-548a3f1 elementor-widget elementor-widget-text-editor\" data-id=\"548a3f1\" data-element_type=\"widget\" data-e-type=\"widget\" data-widget_type=\"text-editor.default\">\n\t\t\t\t<div class=\"elementor-widget-container\">\n\t\t\t\t\t\t\t\t\t<p>In\u00a0<strong>Riccione<\/strong>\u00a0befinden sich auch zwei der gro\u00dfen\u00a0<strong>Themenparks<\/strong>\u00a0der\u00a0<strong>Riviera Romagnola<\/strong>:\u00a0<strong>Aquafan<\/strong>\u00a0und\u00a0<strong>Oltremare<\/strong>, die den\u00a0<strong>Kindern<\/strong>\u00a0Spa\u00df machen und auch viele neue Sachen beibringen werden.<\/p>\n\t\t\t\t\t\t\t\t<\/div>\n\t\t\t\t<\/div>\n\t\t\t\t<\/div>\n\t\t<div class=\"elementor-element elementor-element-85d0e5e e-con-full e-flex e-con e-parent\" data-id=\"85d0e5e\" data-element_type=\"container\" data-e-type=\"container\">\n\t\t<div class=\"elementor-element elementor-element-88dc72f e-flex e-con-boxed e-con e-parent\" data-id=\"88dc72f\" data-element_type=\"container\" data-e-type=\"container\">\n\t\t\t\t\t<div class=\"e-con-inner\">\n\t\t\t\t<div class=\"elementor-element elementor-element-9007d1f elementor-widget elementor-widget-image\" data-id=\"9007d1f\" data-element_type=\"widget\" data-e-type=\"widget\" data-widget_type=\"image.default\">\n\t\t\t\t<div class=\"elementor-widget-container\">\n\t\t\t\t\t\t\t\t\t\t\t\t\t\t\t<img decoding=\"async\" width=\"329\" height=\"116\" src=\"https:\/\/www.ambassadorhotel.net\/wp-content\/uploads\/2023\/08\/aquafan.webp\" class=\"attachment-large size-large wp-image-4912\" alt=\"\" srcset=\"https:\/\/www.ambassadorhotel.net\/wp-content\/uploads\/2023\/08\/aquafan.webp 329w, https:\/\/www.ambassadorhotel.net\/wp-content\/uploads\/2023\/08\/aquafan-300x106.webp 300w\" sizes=\"(max-width: 329px) 100vw, 329px\" loading=\"lazy\" \/>\t\t\t\t\t\t\t\t\t\t\t\t\t\t\t<\/div>\n\t\t\t\t<\/div>\n\t\t\t\t<div class=\"elementor-element elementor-element-57caa55 elementor-widget elementor-widget-heading\" data-id=\"57caa55\" data-element_type=\"widget\" data-e-type=\"widget\" data-widget_type=\"heading.default\">\n\t\t\t\t<div class=\"elementor-widget-container\">\n\t\t\t\t\t<h4 class=\"elementor-heading-title elementor-size-default\">Aquafan der ber\u00fchmteste Wasserpark Europas<\/h4>\t\t\t\t<\/div>\n\t\t\t\t<\/div>\n\t\t\t\t<div class=\"elementor-element elementor-element-9b83022 elementor-widget elementor-widget-text-editor\" data-id=\"9b83022\" data-element_type=\"widget\" data-e-type=\"widget\" data-widget_type=\"text-editor.default\">\n\t\t\t\t<div class=\"elementor-widget-container\">\n\t\t\t\t\t\t\t\t\t<p>Kehren Sie im\u00a0<strong>Hotel Ambassador<\/strong>\u00a0ein und Sie werden die Gelegenheit haben, den\u00a0<strong>Aquafan von Riccione<\/strong>\u00a0zu entdecken, eines der ber\u00fchmtesten und beliebtesten\u00a0<strong>Wasserparks Europas<\/strong>.<\/p>\n<div class=\"t22 t900 testoaz\">Kamikaze<\/div>\n<p>1991 vom gro\u00dfen Alberto Tomba er\u00f6ffnet, heute noch eines der beliebtesten. \u00dcber 2, 90 Meter lange Bahnen rutscht man mit einer Geschwindigkeit von 65 km\/h hinunter, unbedingt auszuprobieren!<\/p>\n<div class=\"t22 t900 testoaz\">Extreme River<\/div>\n<p>Wie auch sein Name sagt, ist das eine Attraktion f\u00fcr die Liebhaber der\u00a0<em>extremen<\/em>\u00a0Erlebnisse. Es ist die Rutschbahn, bei der man die h\u00f6chste Geschwindigkeit erreicht, ganze 70 km\/h.<\/p>\n<div class=\"t22 t900 testoaz\">Speedriul<\/div>\n<p>Probieren Sie den magischen Trichter: mit h\u00f6chster Geschwindigkeit \u00fcber eine spezielle kreisf\u00f6rmige Bahn und dann weiter in ein anderes Rohr bis zum Endsprung in das Becken, unwiderstehlich.<\/p>\n<div class=\"t22 t900 testoaz\">StrizzaCOOL<\/div>\n<p>Hier hat man es mit der Angst zu tun, mit\u00a0<strong>StrizzaCOOL<\/strong>: Gro\u00dfe Neuigkeit des Sommers 2010 im Aquafan, bei dieser Attraktion f\u00e4hrt man jeweils zu viert auf einem Schlauchboot. Man kann zwischen einer 150 Meter langen Adrenalin-Abfahrt und Tobogas, einer weniger steilen, 250 Meter langen Abfahrt mit Kurven und Rafting-Effekt w\u00e4hlen.<\/p>\n\t\t\t\t\t\t\t\t<\/div>\n\t\t\t\t<\/div>\n\t\t\t\t\t<\/div>\n\t\t\t\t<\/div>\n\t\t<div class=\"elementor-element elementor-element-563edbe e-flex e-con-boxed e-con e-parent\" data-id=\"563edbe\" data-element_type=\"container\" data-e-type=\"container\">\n\t\t\t\t\t<div class=\"e-con-inner\">\n\t\t\t\t<div class=\"elementor-element elementor-element-4ecce35 elementor-widget elementor-widget-image\" data-id=\"4ecce35\" data-element_type=\"widget\" data-e-type=\"widget\" data-widget_type=\"image.default\">\n\t\t\t\t<div class=\"elementor-widget-container\">\n\t\t\t\t\t\t\t\t\t\t\t\t\t\t\t<img decoding=\"async\" width=\"329\" height=\"116\" src=\"https:\/\/www.ambassadorhotel.net\/wp-content\/uploads\/2023\/08\/oltremare.webp\" class=\"attachment-large size-large wp-image-4911\" alt=\"\" srcset=\"https:\/\/www.ambassadorhotel.net\/wp-content\/uploads\/2023\/08\/oltremare.webp 329w, https:\/\/www.ambassadorhotel.net\/wp-content\/uploads\/2023\/08\/oltremare-300x106.webp 300w\" sizes=\"(max-width: 329px) 100vw, 329px\" loading=\"lazy\" \/>\t\t\t\t\t\t\t\t\t\t\t\t\t\t\t<\/div>\n\t\t\t\t<\/div>\n\t\t\t\t<div class=\"elementor-element elementor-element-052c6b2 elementor-widget elementor-widget-heading\" data-id=\"052c6b2\" data-element_type=\"widget\" data-e-type=\"widget\" data-widget_type=\"heading.default\">\n\t\t\t\t<div class=\"elementor-widget-container\">\n\t\t\t\t\t<h4 class=\"elementor-heading-title elementor-size-default\">Oltremare <br> Mit Spa\u00df lernen<\/h4>\t\t\t\t<\/div>\n\t\t\t\t<\/div>\n\t\t\t\t<div class=\"elementor-element elementor-element-a3fd6e7 elementor-widget elementor-widget-text-editor\" data-id=\"a3fd6e7\" data-element_type=\"widget\" data-e-type=\"widget\" data-widget_type=\"text-editor.default\">\n\t\t\t\t<div class=\"elementor-widget-container\">\n\t\t\t\t\t\t\t\t\t<strong>Oltremare<\/strong>\u00a0ist perfekt f\u00fcr den\u00a0<strong>Familienurlaub in Riccione<\/strong>, weil es das ideale Ziel eines Tagesausflugs bietet. Hier haben die\u00a0<strong>Kinder<\/strong>\u00a0eine Menge Spa\u00df und lernen viele neue Sachen.\r\n<div class=\"t22 t900 testoaz\">Wasser<\/div>\r\nHier bewundern Sie die\u00a0<strong>Lagune der Delfine<\/strong>, mit einer Trib\u00fcne f\u00fcr bis zu 2500 Personen; den\u00a0<strong>Planeten Meer<\/strong>, wo man alles \u00fcber das Mittelmeer und seine Bewohner erf\u00e4hrt und den\u00a0<strong>Hippocampus<\/strong>, das Aquarium der\u00a0<strong>Seepferdchen<\/strong>.\r\n<div class=\"t22 t900 testoaz\">Luft<\/div>\r\nBei der\u00a0<strong>Eulenm\u00fchle<\/strong>\u00a0treffen Sie die n\u00e4chtlichen und die tagaktiven Raubv\u00f6gel und Sie wohnen den Flug- und Jagdvorf\u00fchrungen bei; bei den \u201e<strong>Papageien des Waldes<\/strong>\u201c werden Sie seltene und Knallbunte Exemplare bewundern.\r\n<div class=\"t22 t900 testoaz\">Erde<\/div>\r\nDurchqueren Sie\u00a0<strong>Darwins Wald<\/strong>, um die antiken Erdzeitalter und ihre Bewohner kennenzulernen, wie die\u00a0<strong>Dinosaurier<\/strong>. Bei der \u201e<strong>Farm der Tiere<\/strong>\u201c k\u00f6nnen die Kinder hingegen direkt das Bauernambiente erleben und in der Strecke \u201e<strong>Podelta<\/strong>\u201c trifft man die f\u00fcr dieses \u00d6kosystem typische Flora und Fauna.\r\n<div class=\"t22 t900 testoaz\">Feuer<\/div>\r\nBei\u00a0<strong>Planet Erde<\/strong>\u00a0begleitet Sie ein visueller Parcours \u00fcber 4 S\u00e4le zur Entdeckung aller Phasen, die die Geburt und die Entwicklung unseres Planeten gekennzeichnet haben.\r\n<div class=\"t22 t900 testoaz\">Energie<\/div>\r\n<strong>Adventure Island<\/strong>\u00a0ist ein gro\u00dfer Spielplatz f\u00fcr Kinder, die\u00a0<em>Isola che non c\u2019era (Nimmerland)\u00a0<\/em>ein 30 Minuten langes Musical \u00fcber die Geschichte von Peter Pan und Captain Hook;\u00a0<em>Storie di Sabbia (Sandgeschichten)<\/em>\u00a0ist der Ausdrucks des Talents von Gabriella Compagnone, die den\u00a0<strong>Sand modelliert<\/strong>, um immer neue Geschichten und Emotionen zu erz\u00e4hlen.\t\t\t\t\t\t\t\t<\/div>\n\t\t\t\t<\/div>\n\t\t\t\t\t<\/div>\n\t\t\t\t<\/div>\n\t\t\t\t<\/div>\n\t\t<div class=\"elementor-element elementor-element-d6d5c1a e-con-full e-flex e-con e-parent\" data-id=\"d6d5c1a\" data-element_type=\"container\" data-e-type=\"container\">\n\t\t\t\t<div class=\"elementor-element elementor-element-19a1b10 elementor-widget elementor-widget-text-editor\" data-id=\"19a1b10\" data-element_type=\"widget\" data-e-type=\"widget\" data-widget_type=\"text-editor.default\">\n\t\t\t\t<div class=\"elementor-widget-container\">\n\t\t\t\t\t\t\t\t\t<div class=\"MIDDLE-col50 tl t16\">\n<div class=\"t22 t900 testoaz\">Wasser<\/div>\n<p>Hier bewundern Sie die\u00a0<strong>Lagune der Delfine<\/strong>, mit einer Trib\u00fcne f\u00fcr bis zu 2500 Personen; den\u00a0<strong>Planeten Meer<\/strong>, wo man alles \u00fcber das Mittelmeer und seine Bewohner erf\u00e4hrt und den\u00a0<strong>Hippocampus<\/strong>, das Aquarium der\u00a0<strong>Seepferdchen<\/strong>.<\/p>\n<div class=\"t22 t900 testoaz\">Luft<\/div>\n<p>Bei der\u00a0<strong>Eulenm\u00fchle<\/strong>\u00a0treffen Sie die n\u00e4chtlichen und die tagaktiven Raubv\u00f6gel und Sie wohnen den Flug- und Jagdvorf\u00fchrungen bei; bei den \u201e<strong>Papageien des Waldes<\/strong>\u201c werden Sie seltene und Knallbunte Exemplare bewundern.<\/p>\n<div class=\"t22 t900 testoaz\">Erde<\/div>\n<p>Durchqueren Sie\u00a0<strong>Darwins Wald<\/strong>, um die antiken Erdzeitalter und ihre Bewohner kennenzulernen, wie die\u00a0<strong>Dinosaurier<\/strong>. Bei der \u201e<strong>Farm der Tiere<\/strong>\u201c k\u00f6nnen die Kinder hingegen direkt das Bauernambiente erleben und in der Strecke \u201e<strong>Podelta<\/strong>\u201c trifft man die f\u00fcr dieses \u00d6kosystem typische Flora und Fauna.<\/p>\n<div class=\"t22 t900 testoaz\">Feuer<\/div>\n<p>Bei\u00a0<strong>Planet Erde<\/strong>\u00a0begleitet Sie ein visueller Parcours \u00fcber 4 S\u00e4le zur Entdeckung aller Phasen, die die Geburt und die Entwicklung unseres Planeten gekennzeichnet haben.<\/p>\n<div class=\"t22 t900 testoaz\">Energie<\/div>\n<p><strong>Oltremare<\/strong>\u00a0und\u00a0<strong>Aquafan<\/strong>\u00a0sind nur 8 Minuten mit dem Auto vom\u00a0<strong>Hotel Ambassador<\/strong>\u00a0entfernt. Unser Hotel ist mit anderen Vergn\u00fcgungsparks der Romagna vertraglich gebunden (Italia in Miniatura, Acquario di Cattolica, Mirabilandia, usw.): Ein Grund mehr, um uns f\u00fcr den n\u00e4chsten\u00a0<strong>Urlaub in der Riviera Romagnola<\/strong>\u00a0zu w\u00e4hlen.<\/div>\n\t\t\t\t\t\t\t\t<\/div>\n\t\t\t\t<\/div>\n\t\t\t\t<\/div>\n\t\t<div class=\"elementor-element elementor-element-4170fe6 e-con-full e-flex e-con e-parent\" data-id=\"4170fe6\" data-element_type=\"container\" data-e-type=\"container\">\n\t\t\t\t<div class=\"elementor-element elementor-element-8cfe336 elementor-widget elementor-widget-image\" data-id=\"8cfe336\" data-element_type=\"widget\" data-e-type=\"widget\" data-widget_type=\"image.default\">\n\t\t\t\t<div class=\"elementor-widget-container\">\n\t\t\t\t\t\t\t\t\t\t\t\t\t\t\t<img decoding=\"async\" width=\"208\" height=\"120\" src=\"https:\/\/www.ambassadorhotel.net\/wp-content\/uploads\/2023\/08\/logo-parchi-mirabilandia.webp\" class=\"attachment-large size-large wp-image-4908\" alt=\"\" loading=\"lazy\" \/>\t\t\t\t\t\t\t\t\t\t\t\t\t\t\t<\/div>\n\t\t\t\t<\/div>\n\t\t\t\t<div class=\"elementor-element elementor-element-d0f1f6b elementor-widget elementor-widget-image\" data-id=\"d0f1f6b\" data-element_type=\"widget\" data-e-type=\"widget\" data-widget_type=\"image.default\">\n\t\t\t\t<div class=\"elementor-widget-container\">\n\t\t\t\t\t\t\t\t\t\t\t\t\t\t\t<img loading=\"lazy\" decoding=\"async\" width=\"180\" height=\"184\" src=\"https:\/\/www.ambassadorhotel.net\/wp-content\/uploads\/2023\/08\/logo-italiaminiatura-e1691415240901.webp\" class=\"attachment-large size-large wp-image-4906\" alt=\"\" \/>\t\t\t\t\t\t\t\t\t\t\t\t\t\t\t<\/div>\n\t\t\t\t<\/div>\n\t\t\t\t<div class=\"elementor-element elementor-element-4d07b50 elementor-widget elementor-widget-image\" data-id=\"4d07b50\" data-element_type=\"widget\" data-e-type=\"widget\" data-widget_type=\"image.default\">\n\t\t\t\t<div class=\"elementor-widget-container\">\n\t\t\t\t\t\t\t\t\t\t\t\t\t\t\t<img loading=\"lazy\" decoding=\"async\" width=\"208\" height=\"120\" src=\"https:\/\/www.ambassadorhotel.net\/wp-content\/uploads\/2023\/08\/logo-parchi-acquario-cattolica.webp\" class=\"attachment-large size-large wp-image-4907\" alt=\"\" \/>\t\t\t\t\t\t\t\t\t\t\t\t\t\t\t<\/div>\n\t\t\t\t<\/div>\n\t\t\t\t<\/div>\n\t\t<div class=\"elementor-element elementor-element-487d304 e-con-full e-flex e-con e-parent\" data-id=\"487d304\" data-element_type=\"container\" data-e-type=\"container\">\n\t\t<div class=\"elementor-element elementor-element-99ef0b5 e-flex e-con-boxed e-con e-parent\" data-id=\"99ef0b5\" data-element_type=\"container\" data-e-type=\"container\">\n\t\t\t\t\t<div class=\"e-con-inner\">\n\t\t\t\t<div class=\"elementor-element elementor-element-7d06d6f elementor-widget elementor-widget-heading\" data-id=\"7d06d6f\" data-element_type=\"widget\" data-e-type=\"widget\" data-widget_type=\"heading.default\">\n\t\t\t\t<div class=\"elementor-widget-container\">\n\t\t\t\t\t<h4 class=\"elementor-heading-title elementor-size-default\">Mirabilandia ist in 3 fertig<\/h4>\t\t\t\t<\/div>\n\t\t\t\t<\/div>\n\t\t\t\t<div class=\"elementor-element elementor-element-84a898c elementor-widget elementor-widget-text-editor\" data-id=\"84a898c\" data-element_type=\"widget\" data-e-type=\"widget\" data-widget_type=\"text-editor.default\">\n\t\t\t\t<div class=\"elementor-widget-container\">\n\t\t\t\t\t\t\t\t\t<p>Jetzt noch mehr Gr\u00fcnde f\u00fcr einen Besuch im Riviera-Vergn\u00fcgungspark<\/p>\n\t\t\t\t\t\t\t\t<\/div>\n\t\t\t\t<\/div>\n\t\t\t\t\t<\/div>\n\t\t\t\t<\/div>\n\t\t<div class=\"elementor-element elementor-element-68af332 e-flex e-con-boxed e-con e-parent\" data-id=\"68af332\" data-element_type=\"container\" data-e-type=\"container\">\n\t\t\t\t\t<div class=\"e-con-inner\">\n\t\t\t\t<div class=\"elementor-element elementor-element-597ebd9 elementor-widget elementor-widget-text-editor\" data-id=\"597ebd9\" data-element_type=\"widget\" data-e-type=\"widget\" data-widget_type=\"text-editor.default\">\n\t\t\t\t<div class=\"elementor-widget-container\">\n\t\t\t\t\t\t\t\t\t<ul class=\" t16\">\r\n \t<li>Kostenlos f\u00fcr Kinder bis zu 10 Jahren, g\u00fcltig vom 2. April bis 30. Juni.<\/li>\r\n \t<li>Pizza-Time-Men\u00fc, G\u00fcltigkeit der Aktion 1. Juli &#8211; 31. Juli (Aktion 2X1).<\/li>\r\n \t<li>Strandintegration g\u00fcltig vom 13. Juni bis 31. Juli (Eintrittspreis 9,50 \u20ac g\u00fcltig f\u00fcr zwei Personen)<\/li>\r\n<\/ul>\t\t\t\t\t\t\t\t<\/div>\n\t\t\t\t<\/div>\n\t\t\t\t\t<\/div>\n\t\t\t\t<\/div>\n\t\t\t\t<\/div>\n\t\t\t\t<\/div>\n\t\t","protected":false},"excerpt":{"rendered":"<p>Previous slide Next slide Vergn\u00fcgungsparks Aquafan, Oltremare und viele andere Parks. Das Vergn\u00fcgen erwartet Sie in der Romagna In\u00a0Riccione\u00a0befinden sich auch zwei der gro\u00dfen\u00a0Themenparks\u00a0der\u00a0Riviera Romagnola:\u00a0Aquafan\u00a0und\u00a0Oltremare, die den\u00a0Kindern\u00a0Spa\u00df machen und auch viele neue Sachen beibringen werden. Aquafan der ber\u00fchmteste Wasserpark Europas Kehren Sie im\u00a0Hotel Ambassador\u00a0ein und Sie werden die Gelegenheit haben, den\u00a0Aquafan von Riccione\u00a0zu entdecken, eines [&hellip;]<\/p>\n","protected":false},"author":2,"featured_media":0,"parent":0,"menu_order":0,"comment_status":"closed","ping_status":"closed","template":"","meta":{"_acf_changed":false,"footnotes":""},"class_list":["post-1486","page","type-page","status-publish","hentry"],"acf":[],"_links":{"self":[{"href":"https:\/\/www.ambassadorhotel.net\/de\/wp-json\/wp\/v2\/pages\/1486","targetHints":{"allow":["GET"]}}],"collection":[{"href":"https:\/\/www.ambassadorhotel.net\/de\/wp-json\/wp\/v2\/pages"}],"about":[{"href":"https:\/\/www.ambassadorhotel.net\/de\/wp-json\/wp\/v2\/types\/page"}],"author":[{"embeddable":true,"href":"https:\/\/www.ambassadorhotel.net\/de\/wp-json\/wp\/v2\/users\/2"}],"replies":[{"embeddable":true,"href":"https:\/\/www.ambassadorhotel.net\/de\/wp-json\/wp\/v2\/comments?post=1486"}],"version-history":[{"count":2,"href":"https:\/\/www.ambassadorhotel.net\/de\/wp-json\/wp\/v2\/pages\/1486\/revisions"}],"predecessor-version":[{"id":3533,"href":"https:\/\/www.ambassadorhotel.net\/de\/wp-json\/wp\/v2\/pages\/1486\/revisions\/3533"}],"wp:attachment":[{"href":"https:\/\/www.ambassadorhotel.net\/de\/wp-json\/wp\/v2\/media?parent=1486"}],"curies":[{"name":"wp","href":"https:\/\/api.w.org\/{rel}","templated":true}]}}