{"id":1475,"date":"2023-07-25T16:48:39","date_gmt":"2023-07-25T14:48:39","guid":{"rendered":"http:\/\/www.ambassadorhotel.net\/superior-zimmer\/"},"modified":"2024-05-27T10:44:39","modified_gmt":"2024-05-27T08:44:39","slug":"superior-zimmer","status":"publish","type":"page","link":"https:\/\/www.ambassadorhotel.net\/de\/superior-zimmer\/","title":{"rendered":"Superior Zimmer"},"content":{"rendered":"\t\t<div data-elementor-type=\"wp-page\" data-elementor-id=\"1475\" class=\"elementor elementor-1475 elementor-1041\" data-elementor-post-type=\"page\">\n\t\t\t\t<div class=\"elementor-element elementor-element-a90bbb2 e-con-full e-flex e-con e-parent\" data-id=\"a90bbb2\" data-element_type=\"container\" data-e-type=\"container\">\n\t\t\t\t<div class=\"elementor-element elementor-element-faec512 elementor--h-position-center elementor--v-position-middle elementor-arrows-position-inside elementor-widget elementor-widget-slides\" data-id=\"faec512\" data-element_type=\"widget\" data-e-type=\"widget\" data-settings=\"{&quot;navigation&quot;:&quot;arrows&quot;,&quot;transition&quot;:&quot;fade&quot;,&quot;transition_speed&quot;:800,&quot;autoplay&quot;:&quot;yes&quot;,&quot;pause_on_hover&quot;:&quot;yes&quot;,&quot;pause_on_interaction&quot;:&quot;yes&quot;,&quot;autoplay_speed&quot;:5000,&quot;infinite&quot;:&quot;yes&quot;}\" data-widget_type=\"slides.default\">\n\t\t\t\t<div class=\"elementor-widget-container\">\n\t\t\t\t\t\t\t\t\t<div class=\"elementor-swiper\">\n\t\t\t\t\t<div class=\"elementor-slides-wrapper elementor-main-swiper swiper\" role=\"region\" aria-roledescription=\"carousel\" aria-label=\"Slider\" dir=\"ltr\" data-animation=\"fadeInUp\">\n\t\t\t\t<div class=\"swiper-wrapper elementor-slides\">\n\t\t\t\t\t\t\t\t\t\t<div class=\"elementor-repeater-item-6deb022 swiper-slide\" role=\"group\" aria-roledescription=\"slide\"><div class=\"swiper-slide-bg elementor-ken-burns elementor-ken-burns--out\" role=\"img\" aria-label=\"Camera d&#039;albergo moderna e luminosa con letto matrimoniale, armadio e scrivania.\"><\/div><div class=\"swiper-slide-inner\" ><div class=\"swiper-slide-contents\"><\/div><\/div><\/div><div class=\"elementor-repeater-item-d215a40 swiper-slide\" role=\"group\" aria-roledescription=\"slide\"><div class=\"swiper-slide-bg elementor-ken-burns elementor-ken-burns--out\" role=\"img\" aria-label=\"Camera d&#039;albergo moderna con letti singoli, armadi scuri e TV accesa su un tavolo bianco.\"><\/div><div class=\"swiper-slide-inner\" ><div class=\"swiper-slide-contents\"><\/div><\/div><\/div><div class=\"elementor-repeater-item-9dbd048 swiper-slide\" role=\"group\" aria-roledescription=\"slide\"><div class=\"swiper-slide-bg elementor-ken-burns elementor-ken-burns--out\" role=\"img\" aria-label=\"Lavabo moderno con rubinetto cromato su piano d&#039;appoggio rosso, decorato con conchiglie e accessori da bagno.\"><\/div><div class=\"swiper-slide-inner\" ><div class=\"swiper-slide-contents\"><\/div><\/div><\/div><div class=\"elementor-repeater-item-51c52d5 swiper-slide\" role=\"group\" aria-roledescription=\"slide\"><div class=\"swiper-slide-bg elementor-ken-burns elementor-ken-burns--out\" role=\"img\" aria-label=\"Camera da letto luminosa con letto matrimoniale, televisore e scrivania.\"><\/div><div class=\"swiper-slide-inner\" ><div class=\"swiper-slide-contents\"><\/div><\/div><\/div><div class=\"elementor-repeater-item-2a204f6 swiper-slide\" role=\"group\" aria-roledescription=\"slide\"><div class=\"swiper-slide-bg elementor-ken-burns elementor-ken-burns--out\" role=\"img\" aria-label=\"Camera da letto moderna con letto matrimoniale e luci soffuse.\"><\/div><div class=\"swiper-slide-inner\" ><div class=\"swiper-slide-contents\"><\/div><\/div><\/div>\t\t\t\t<\/div>\n\t\t\t\t\t\t\t\t\t\t\t\t\t\t\t<div class=\"elementor-swiper-button elementor-swiper-button-prev\" role=\"button\" tabindex=\"0\" aria-label=\"Vorheriger Slide\">\n\t\t\t\t\t\t\t<i aria-hidden=\"true\" class=\"eicon-chevron-left\"><\/i>\t\t\t\t\t\t<\/div>\n\t\t\t\t\t\t<div class=\"elementor-swiper-button elementor-swiper-button-next\" role=\"button\" tabindex=\"0\" aria-label=\"N\u00e4chster Slide\">\n\t\t\t\t\t\t\t<i aria-hidden=\"true\" class=\"eicon-chevron-right\"><\/i>\t\t\t\t\t\t<\/div>\n\t\t\t\t\t\t\t\t\t\t\t\t\t\t\t\t\t<\/div>\n\t\t\t\t<\/div>\n\t\t\t\t\t\t\t\t<\/div>\n\t\t\t\t<\/div>\n\t\t\t\t<\/div>\n\t\t<div class=\"elementor-element elementor-element-92a8e8f e-con-full e-flex e-con e-parent\" data-id=\"92a8e8f\" data-element_type=\"container\" data-e-type=\"container\" id=\"down\">\n\t\t\t\t<div class=\"elementor-element elementor-element-966bd50 elementor-widget elementor-widget-heading\" data-id=\"966bd50\" data-element_type=\"widget\" data-e-type=\"widget\" data-widget_type=\"heading.default\">\n\t\t\t\t<div class=\"elementor-widget-container\">\n\t\t\t\t\t<h1 class=\"elementor-heading-title elementor-size-default\">Superior Zimmer<\/h1>\t\t\t\t<\/div>\n\t\t\t\t<\/div>\n\t\t\t\t<div class=\"elementor-element elementor-element-88cc34f elementor-widget elementor-widget-heading\" data-id=\"88cc34f\" data-element_type=\"widget\" data-e-type=\"widget\" data-widget_type=\"heading.default\">\n\t\t\t\t<div class=\"elementor-widget-container\">\n\t\t\t\t\t<h2 class=\"elementor-heading-title elementor-size-default\">13 bis 25 m2 gro\u00df, Zimmer mit neuer Einrichtung und modernem Design<\/h2>\t\t\t\t<\/div>\n\t\t\t\t<\/div>\n\t\t\t\t<div class=\"elementor-element elementor-element-548a3f1 elementor-widget elementor-widget-text-editor\" data-id=\"548a3f1\" data-element_type=\"widget\" data-e-type=\"widget\" data-widget_type=\"text-editor.default\">\n\t\t\t\t<div class=\"elementor-widget-container\">\n\t\t\t\t\t\t\t\t\t<p>Den\u00a0<em>Urlaub<\/em>\u00a0planen\u00a0<em>ist eine ernste Sache<\/em>. Man muss gut w\u00e4hlen, eine bequeme und f\u00fcr die eigenen Bed\u00fcrfnisse geeignete Unterkunft. Wenn Sie kein Detail vernachl\u00e4ssigen, modernes Design sch\u00e4tzen und einen angemessenen Preis zahlen wollen, empfehlen wir Ihnen die Typologie\u00a0<strong>Superior.<\/strong><\/p>\n\t\t\t\t\t\t\t\t<\/div>\n\t\t\t\t<\/div>\n\t\t\t\t<\/div>\n\t\t<div class=\"elementor-element elementor-element-85d0e5e e-con-full e-flex e-con e-parent\" data-id=\"85d0e5e\" data-element_type=\"container\" data-e-type=\"container\">\n\t\t<div class=\"elementor-element elementor-element-88dc72f e-flex e-con-boxed e-con e-parent\" data-id=\"88dc72f\" data-element_type=\"container\" data-e-type=\"container\">\n\t\t\t\t\t<div class=\"e-con-inner\">\n\t\t\t\t<div class=\"elementor-element elementor-element-a48b092 elementor-widget elementor-widget-heading\" data-id=\"a48b092\" data-element_type=\"widget\" data-e-type=\"widget\" data-widget_type=\"heading.default\">\n\t\t\t\t<div class=\"elementor-widget-container\">\n\t\t\t\t\t<h4 class=\"elementor-heading-title elementor-size-default\">Reisen Sie mit Ihrer Familie? W\u00e4hlen Sie die Family-Suite Superior<\/h4>\t\t\t\t<\/div>\n\t\t\t\t<\/div>\n\t\t\t\t<div class=\"elementor-element elementor-element-38e0da5 elementor-widget elementor-widget-text-editor\" data-id=\"38e0da5\" data-element_type=\"widget\" data-e-type=\"widget\" data-widget_type=\"text-editor.default\">\n\t\t\t\t<div class=\"elementor-widget-container\">\n\t\t\t\t\t\t\t\t\t<p><strong>Die miteinander verbundenen Zimmer Family-Suite Superior (Seestern)<\/strong>, 25 bis 30 m\u00b2 gro\u00df, sind 2 bequeme, auch f\u00fcr kinderreiche\u00a0<strong>Familien<\/strong>\u00a0ideale R\u00e4ume, optimal f\u00fcr einen\u00a0<strong>langen Urlaub<\/strong>, mit doppeltem Fernseher und ger\u00e4umigen Schr\u00e4nken, genug Lebensraum f\u00fcr Kinder.<\/p>\n<p><strong>Buchen Sie direkt von der Website<\/strong>, einfach, sehr schnell und mit exklusiven Geschenken!<\/p>\n\t\t\t\t\t\t\t\t<\/div>\n\t\t\t\t<\/div>\n\t\t\t\t<div class=\"elementor-element elementor-element-09e2056 elementor-align-right elementor-widget elementor-widget-button\" data-id=\"09e2056\" data-element_type=\"widget\" data-e-type=\"widget\" data-widget_type=\"button.default\">\n\t\t\t\t<div class=\"elementor-widget-container\">\n\t\t\t\t\t\t\t\t\t<div class=\"elementor-button-wrapper\">\n\t\t\t\t\t<a class=\"elementor-button elementor-button-link elementor-size-xl\" href=\"https:\/\/my.ambassadorhotel.net\/forms\/de-DE\/reservation\" target=\"_blank\">\n\t\t\t\t\t\t<span class=\"elementor-button-content-wrapper\">\n\t\t\t\t\t\t\t\t\t<span class=\"elementor-button-text\">Buchen Sie direkt von der Website<\/span>\n\t\t\t\t\t<\/span>\n\t\t\t\t\t<\/a>\n\t\t\t\t<\/div>\n\t\t\t\t\t\t\t\t<\/div>\n\t\t\t\t<\/div>\n\t\t\t\t<div class=\"elementor-element elementor-element-f84af1a elementor-widget elementor-widget-text-editor\" data-id=\"f84af1a\" data-element_type=\"widget\" data-e-type=\"widget\" data-widget_type=\"text-editor.default\">\n\t\t\t\t<div class=\"elementor-widget-container\">\n\t\t\t\t\t\t\t\t\t<p>Einfach, sehr schnell und mit exklusiven Geschenken!<\/p>\n\t\t\t\t\t\t\t\t<\/div>\n\t\t\t\t<\/div>\n\t\t\t\t\t<\/div>\n\t\t\t\t<\/div>\n\t\t<div class=\"elementor-element elementor-element-8894666 e-flex e-con-boxed e-con e-parent\" data-id=\"8894666\" data-element_type=\"container\" data-e-type=\"container\">\n\t\t\t\t\t<div class=\"e-con-inner\">\n\t\t\t\t<div class=\"elementor-element elementor-element-590c0f7 elementor-widget elementor-widget-heading\" data-id=\"590c0f7\" data-element_type=\"widget\" data-e-type=\"widget\" data-widget_type=\"heading.default\">\n\t\t\t\t<div class=\"elementor-widget-container\">\n\t\t\t\t\t<h4 class=\"elementor-heading-title elementor-size-default\">Seine Ausstattung<\/h4>\t\t\t\t<\/div>\n\t\t\t\t<\/div>\n\t\t\t\t<div class=\"elementor-element elementor-element-6cf3f83 elementor-widget elementor-widget-text-editor\" data-id=\"6cf3f83\" data-element_type=\"widget\" data-e-type=\"widget\" data-widget_type=\"text-editor.default\">\n\t\t\t\t<div class=\"elementor-widget-container\">\n\t\t\t\t\t\t\t\t\t<ul>\r\n \t<li>Furniture that is more modern than the Classic room type<\/li>\r\n \t<li>Modernere Einrichtung als das Zimmer Classic (Klassisch)<\/li>\r\n \t<li><strong>Kostenloses WLAN<\/strong><\/li>\r\n \t<li>Minibar<\/li>\r\n \t<li>Balkon<\/li>\r\n \t<li>Kabel- und Sat-TV<\/li>\r\n \t<li>Direktes Telefon<\/li>\r\n \t<li>Klimaanlage\/Heizung<\/li>\r\n \t<li>Bad mit Dusche und Haartrockner<\/li>\r\n<\/ul>\t\t\t\t\t\t\t\t<\/div>\n\t\t\t\t<\/div>\n\t\t\t\t\t<\/div>\n\t\t\t\t<\/div>\n\t\t\t\t<\/div>\n\t\t<div class=\"elementor-element elementor-element-d6d5c1a e-con-full e-flex e-con e-parent\" data-id=\"d6d5c1a\" data-element_type=\"container\" data-e-type=\"container\">\n\t\t\t\t<div class=\"elementor-element elementor-element-fd830c9 elementor-widget elementor-widget-heading\" data-id=\"fd830c9\" data-element_type=\"widget\" data-e-type=\"widget\" data-widget_type=\"heading.default\">\n\t\t\t\t<div class=\"elementor-widget-container\">\n\t\t\t\t\t<h2 class=\"elementor-heading-title elementor-size-default\">ALLE UNSERE ZIMMER<\/h2>\t\t\t\t<\/div>\n\t\t\t\t<\/div>\n\t\t\t\t<div class=\"elementor-element elementor-element-19a1b10 elementor-widget elementor-widget-text-editor\" data-id=\"19a1b10\" data-element_type=\"widget\" data-e-type=\"widget\" data-widget_type=\"text-editor.default\">\n\t\t\t\t<div class=\"elementor-widget-container\">\n\t\t\t\t\t\t\t\t\t<p>Gro\u00dfe und kleine, aber bequeme und exklusive, miteinander verbundene Zimmer f\u00fcr Familien. Wir haben wirklich an alles gedacht!<\/p>\n\t\t\t\t\t\t\t\t<\/div>\n\t\t\t\t<\/div>\n\t\t\t\t<\/div>\n\t\t<div class=\"elementor-element elementor-element-f9d3d63 e-con-full e-flex e-con e-parent\" data-id=\"f9d3d63\" data-element_type=\"container\" data-e-type=\"container\">\n\t\t<div class=\"elementor-element elementor-element-3cc9a84 e-con-full e-flex e-con e-parent\" data-id=\"3cc9a84\" data-element_type=\"container\" data-e-type=\"container\" data-settings=\"{&quot;background_background&quot;:&quot;classic&quot;}\">\n\t\t<div class=\"elementor-element elementor-element-3ab0b8c e-con-full e-flex e-con e-parent\" data-id=\"3ab0b8c\" data-element_type=\"container\" data-e-type=\"container\" data-settings=\"{&quot;background_background&quot;:&quot;classic&quot;}\">\n\t\t\t\t<div class=\"elementor-element elementor-element-8276ce7 elementor-widget elementor-widget-text-editor\" data-id=\"8276ce7\" data-element_type=\"widget\" data-e-type=\"widget\" data-widget_type=\"text-editor.default\">\n\t\t\t\t<div class=\"elementor-widget-container\">\n\t\t\t\t\t\t\t\t\t<div id=\"boxtxt\">\n<div id=\"button\">\n<h4>DELUXE<\/h4>\n<div class=\"content\">16 bis 25 m2 gro\u00df, komplett renoviertes Zimmer, ein <strong>kleines Meisterwerk, sorgf\u00e4ltig und stilvoll eingerichtet<\/strong>, bis ins kleinste Detail gepflegt, um Atmosph\u00e4re und Bequemlichkeit zu vereinen.<\/div>\n<\/div>\n<\/div>\n\t\t\t\t\t\t\t\t<\/div>\n\t\t\t\t<\/div>\n\t\t\t\t<\/div>\n\t\t\t\t<\/div>\n\t\t<div class=\"elementor-element elementor-element-ba3594f e-con-full e-flex e-con e-parent\" data-id=\"ba3594f\" data-element_type=\"container\" data-e-type=\"container\" data-settings=\"{&quot;background_background&quot;:&quot;classic&quot;}\">\n\t\t<div class=\"elementor-element elementor-element-02d1f81 e-con-full e-flex e-con e-parent\" data-id=\"02d1f81\" data-element_type=\"container\" data-e-type=\"container\" data-settings=\"{&quot;background_background&quot;:&quot;classic&quot;}\">\n\t\t\t\t<div class=\"elementor-element elementor-element-510243a elementor-widget elementor-widget-text-editor\" data-id=\"510243a\" data-element_type=\"widget\" data-e-type=\"widget\" data-widget_type=\"text-editor.default\">\n\t\t\t\t<div class=\"elementor-widget-container\">\n\t\t\t\t\t\t\t\t\t<div id=\"boxtxt\">\n<div id=\"button\">\n<h4>PRESTIGE<\/h4>\n<div class=\"content\">13 bis 25 m2 gro\u00df, elegant und exklusiv, f\u00fcr diejenigen, die sich immer das Beste g\u00f6nnen. Probieren Sie f\u00fcr einen traumhaften <strong>Urlaub in Riccione die Suite Prestige im 5. Stock.<\/strong><\/div>\n<\/div>\n<\/div>\n\t\t\t\t\t\t\t\t<\/div>\n\t\t\t\t<\/div>\n\t\t\t\t<\/div>\n\t\t\t\t<\/div>\n\t\t\t\t<\/div>\n\t\t\t\t<\/div>\n\t\t","protected":false},"excerpt":{"rendered":"<p>Previous slide Next slide Superior Zimmer 13 bis 25 m2 gro\u00df, Zimmer mit neuer Einrichtung und modernem Design Den\u00a0Urlaub\u00a0planen\u00a0ist eine ernste Sache. Man muss gut w\u00e4hlen, eine bequeme und f\u00fcr die eigenen Bed\u00fcrfnisse geeignete Unterkunft. Wenn Sie kein Detail vernachl\u00e4ssigen, modernes Design sch\u00e4tzen und einen angemessenen Preis zahlen wollen, empfehlen wir Ihnen die Typologie\u00a0Superior. Reisen [&hellip;]<\/p>\n","protected":false},"author":2,"featured_media":0,"parent":0,"menu_order":0,"comment_status":"closed","ping_status":"closed","template":"","meta":{"_acf_changed":false,"footnotes":""},"class_list":["post-1475","page","type-page","status-publish","hentry"],"acf":[],"_links":{"self":[{"href":"https:\/\/www.ambassadorhotel.net\/de\/wp-json\/wp\/v2\/pages\/1475","targetHints":{"allow":["GET"]}}],"collection":[{"href":"https:\/\/www.ambassadorhotel.net\/de\/wp-json\/wp\/v2\/pages"}],"about":[{"href":"https:\/\/www.ambassadorhotel.net\/de\/wp-json\/wp\/v2\/types\/page"}],"author":[{"embeddable":true,"href":"https:\/\/www.ambassadorhotel.net\/de\/wp-json\/wp\/v2\/users\/2"}],"replies":[{"embeddable":true,"href":"https:\/\/www.ambassadorhotel.net\/de\/wp-json\/wp\/v2\/comments?post=1475"}],"version-history":[{"count":3,"href":"https:\/\/www.ambassadorhotel.net\/de\/wp-json\/wp\/v2\/pages\/1475\/revisions"}],"predecessor-version":[{"id":3511,"href":"https:\/\/www.ambassadorhotel.net\/de\/wp-json\/wp\/v2\/pages\/1475\/revisions\/3511"}],"wp:attachment":[{"href":"https:\/\/www.ambassadorhotel.net\/de\/wp-json\/wp\/v2\/media?parent=1475"}],"curies":[{"name":"wp","href":"https:\/\/api.w.org\/{rel}","templated":true}]}}