{"id":1462,"date":"2023-07-31T11:44:18","date_gmt":"2023-07-31T09:44:18","guid":{"rendered":"http:\/\/www.ambassadorhotel.net\/deluxe-zimmer\/"},"modified":"2026-04-16T11:07:06","modified_gmt":"2026-04-16T09:07:06","slug":"deluxe-zimmer","status":"publish","type":"page","link":"https:\/\/www.ambassadorhotel.net\/de\/deluxe-zimmer\/","title":{"rendered":"Deluxe Zimmer"},"content":{"rendered":"\t\t<div data-elementor-type=\"wp-page\" data-elementor-id=\"1462\" class=\"elementor elementor-1462 elementor-1053\" data-elementor-post-type=\"page\">\n\t\t\t\t<div class=\"elementor-element elementor-element-a90bbb2 e-con-full e-flex e-con e-parent\" data-id=\"a90bbb2\" data-element_type=\"container\" data-e-type=\"container\">\n\t\t\t\t<div class=\"elementor-element elementor-element-faec512 elementor--h-position-center elementor--v-position-middle elementor-arrows-position-inside elementor-widget elementor-widget-slides\" data-id=\"faec512\" data-element_type=\"widget\" data-e-type=\"widget\" data-settings=\"{&quot;navigation&quot;:&quot;arrows&quot;,&quot;transition&quot;:&quot;fade&quot;,&quot;transition_speed&quot;:800,&quot;autoplay&quot;:&quot;yes&quot;,&quot;pause_on_hover&quot;:&quot;yes&quot;,&quot;pause_on_interaction&quot;:&quot;yes&quot;,&quot;autoplay_speed&quot;:5000,&quot;infinite&quot;:&quot;yes&quot;}\" data-widget_type=\"slides.default\">\n\t\t\t\t<div class=\"elementor-widget-container\">\n\t\t\t\t\t\t\t\t\t<div class=\"elementor-swiper\">\n\t\t\t\t\t<div class=\"elementor-slides-wrapper elementor-main-swiper swiper\" role=\"region\" aria-roledescription=\"carousel\" aria-label=\"Slides\" dir=\"ltr\" data-animation=\"fadeInUp\">\n\t\t\t\t<div class=\"swiper-wrapper elementor-slides\">\n\t\t\t\t\t\t\t\t\t\t<div class=\"elementor-repeater-item-6deb022 swiper-slide\" role=\"group\" aria-roledescription=\"slide\"><div class=\"swiper-slide-bg elementor-ken-burns elementor-ken-burns--out\" role=\"img\" aria-label=\"A small, modern bedroom with gold accents and a patterned accent wall.\"><\/div><div class=\"swiper-slide-inner\" ><div class=\"swiper-slide-contents\"><\/div><\/div><\/div><div class=\"elementor-repeater-item-ec116d8 swiper-slide\" role=\"group\" aria-roledescription=\"slide\"><div class=\"swiper-slide-bg elementor-ken-burns elementor-ken-burns--out\" role=\"img\" aria-label=\"A modern hotel room with blue accents, a plush bed, and a bright window with sheer curtains.\"><\/div><div class=\"swiper-slide-inner\" ><div class=\"swiper-slide-contents\"><\/div><\/div><\/div><div class=\"elementor-repeater-item-2506c21 swiper-slide\" role=\"group\" aria-roledescription=\"slide\"><div class=\"swiper-slide-bg elementor-ken-burns elementor-ken-burns--out\" role=\"img\" aria-label=\"Reflection of a white bed with tufted headboard and blue floral artwork in an ornate mirror.\"><\/div><div class=\"swiper-slide-inner\" ><div class=\"swiper-slide-contents\"><\/div><\/div><\/div><div class=\"elementor-repeater-item-9dbd048 swiper-slide\" role=\"group\" aria-roledescription=\"slide\"><div class=\"swiper-slide-bg elementor-ken-burns elementor-ken-burns--out\" role=\"img\" aria-label=\"A bathroom sink with a chrome faucet next to a decorative plate of shells and a starfish.\"><\/div><div class=\"swiper-slide-inner\" ><div class=\"swiper-slide-contents\"><\/div><\/div><\/div><div class=\"elementor-repeater-item-f15efee swiper-slide\" role=\"group\" aria-roledescription=\"slide\"><div class=\"swiper-slide-bg elementor-ken-burns elementor-ken-burns--out\" role=\"img\" aria-label=\"A modern bedroom with two beds, soft lighting, and elegant curtains.\"><\/div><div class=\"swiper-slide-inner\" ><div class=\"swiper-slide-contents\"><\/div><\/div><\/div><div class=\"elementor-repeater-item-51c52d5 swiper-slide\" role=\"group\" aria-roledescription=\"slide\"><div class=\"swiper-slide-bg elementor-ken-burns elementor-ken-burns--out\" role=\"img\" aria-label=\"A stylish hotel room with a bed, suitcase, and beige decor.\"><\/div><div class=\"swiper-slide-inner\" ><div class=\"swiper-slide-contents\"><\/div><\/div><\/div><div class=\"elementor-repeater-item-2a204f6 swiper-slide\" role=\"group\" aria-roledescription=\"slide\"><div class=\"swiper-slide-bg elementor-ken-burns elementor-ken-burns--out\" role=\"img\" aria-label=\"A modern bedroom with a decorative wall, a cozy bed, and a vase of white flowers.\"><\/div><div class=\"swiper-slide-inner\" ><div class=\"swiper-slide-contents\"><\/div><\/div><\/div><div class=\"elementor-repeater-item-4d7d6be swiper-slide\" role=\"group\" aria-roledescription=\"slide\"><div class=\"swiper-slide-bg elementor-ken-burns elementor-ken-burns--out\" role=\"img\" aria-label=\"A modern hotel room with a double bed, gold accents, and a wall-mounted TV.\"><\/div><div class=\"swiper-slide-inner\" ><div class=\"swiper-slide-contents\"><\/div><\/div><\/div><div class=\"elementor-repeater-item-ab040b0 swiper-slide\" role=\"group\" aria-roledescription=\"slide\"><div class=\"swiper-slide-bg elementor-ken-burns elementor-ken-burns--out\" role=\"img\" aria-label=\"A bathroom sink with toiletries and seashells on a maroon counter.\"><\/div><div class=\"swiper-slide-inner\" ><div class=\"swiper-slide-contents\"><\/div><\/div><\/div><div class=\"elementor-repeater-item-1cb863e swiper-slide\" role=\"group\" aria-roledescription=\"slide\"><div class=\"swiper-slide-bg elementor-ken-burns elementor-ken-burns--out\" role=\"img\" aria-label=\"Modern hotel room with a white bed and blue accents.\"><\/div><div class=\"swiper-slide-inner\" ><div class=\"swiper-slide-contents\"><\/div><\/div><\/div><div class=\"elementor-repeater-item-c87e128 swiper-slide\" role=\"group\" aria-roledescription=\"slide\"><div class=\"swiper-slide-bg elementor-ken-burns elementor-ken-burns--out\" role=\"img\" aria-label=\"A modern hotel room with a neatly made bed, floral artwork, and sheer curtains.\"><\/div><div class=\"swiper-slide-inner\" ><div class=\"swiper-slide-contents\"><\/div><\/div><\/div><div class=\"elementor-repeater-item-d215a40 swiper-slide\" role=\"group\" aria-roledescription=\"slide\"><div class=\"swiper-slide-bg elementor-ken-burns elementor-ken-burns--out\" role=\"img\" aria-label=\"A modern hotel room with a wall-mounted TV, a vase with flowers, and a bed near a window with curtains.\"><\/div><div class=\"swiper-slide-inner\" ><div class=\"swiper-slide-contents\"><\/div><\/div><\/div><div class=\"elementor-repeater-item-be0f089 swiper-slide\" role=\"group\" aria-roledescription=\"slide\"><div class=\"swiper-slide-bg elementor-ken-burns elementor-ken-burns--out\" role=\"img\" aria-label=\"A modern hotel room with two beds, blue floral artwork, and elegant lighting.\"><\/div><div class=\"swiper-slide-inner\" ><div class=\"swiper-slide-contents\"><\/div><\/div><\/div>\t\t\t\t<\/div>\n\t\t\t\t\t\t\t\t\t\t\t\t\t\t\t<div class=\"elementor-swiper-button elementor-swiper-button-prev\" role=\"button\" tabindex=\"0\" aria-label=\"Vorheriger Slide\">\n\t\t\t\t\t\t\t<i aria-hidden=\"true\" class=\"eicon-chevron-left\"><\/i>\t\t\t\t\t\t<\/div>\n\t\t\t\t\t\t<div class=\"elementor-swiper-button elementor-swiper-button-next\" role=\"button\" tabindex=\"0\" aria-label=\"N\u00e4chster Slide\">\n\t\t\t\t\t\t\t<i aria-hidden=\"true\" class=\"eicon-chevron-right\"><\/i>\t\t\t\t\t\t<\/div>\n\t\t\t\t\t\t\t\t\t\t\t\t\t\t\t\t\t<\/div>\n\t\t\t\t<\/div>\n\t\t\t\t\t\t\t\t<\/div>\n\t\t\t\t<\/div>\n\t\t\t\t<\/div>\n\t\t<div class=\"elementor-element elementor-element-92a8e8f e-con-full e-flex e-con e-parent\" data-id=\"92a8e8f\" data-element_type=\"container\" data-e-type=\"container\" id=\"down\">\n\t\t\t\t<div class=\"elementor-element elementor-element-966bd50 elementor-widget elementor-widget-heading\" data-id=\"966bd50\" data-element_type=\"widget\" data-e-type=\"widget\" data-widget_type=\"heading.default\">\n\t\t\t\t<div class=\"elementor-widget-container\">\n\t\t\t\t\t<h1 class=\"elementor-heading-title elementor-size-default\">Deluxe Zimmer<\/h1>\t\t\t\t<\/div>\n\t\t\t\t<\/div>\n\t\t\t\t<div class=\"elementor-element elementor-element-88cc34f elementor-widget elementor-widget-heading\" data-id=\"88cc34f\" data-element_type=\"widget\" data-e-type=\"widget\" data-widget_type=\"heading.default\">\n\t\t\t\t<div class=\"elementor-widget-container\">\n\t\t\t\t\t<h2 class=\"elementor-heading-title elementor-size-default\">Von 16 bis 25 m2 Sorgfalt und Feinheit<\/h2>\t\t\t\t<\/div>\n\t\t\t\t<\/div>\n\t\t\t\t<div class=\"elementor-element elementor-element-548a3f1 elementor-widget elementor-widget-text-editor\" data-id=\"548a3f1\" data-element_type=\"widget\" data-e-type=\"widget\" data-widget_type=\"text-editor.default\">\n\t\t\t\t<div class=\"elementor-widget-container\">\n\t\t\t\t\t\t\t\t\t<p>Den Liebhabern der Einzelheiten und der h\u00f6chsten Sorgfalt empfehlen wir das\u00a0<strong>Doppelbettzimmer Deluxe<\/strong>, ein\u00a0<strong>kleines Meisterwerk<\/strong>,\u00a0<strong>stilvoll eingerichtet<\/strong>, bis ins kleinste Detail gepflegt, um Atmosph\u00e4re und Bequemlichkeit zu vereinen.<\/p>\n\t\t\t\t\t\t\t\t<\/div>\n\t\t\t\t<\/div>\n\t\t\t\t<\/div>\n\t\t<div class=\"elementor-element elementor-element-85d0e5e e-con-full e-flex e-con e-parent\" data-id=\"85d0e5e\" data-element_type=\"container\" data-e-type=\"container\">\n\t\t<div class=\"elementor-element elementor-element-88dc72f e-flex e-con-boxed e-con e-child\" data-id=\"88dc72f\" data-element_type=\"container\" data-e-type=\"container\">\n\t\t\t\t\t<div class=\"e-con-inner\">\n\t\t\t\t<div class=\"elementor-element elementor-element-a48b092 elementor-widget elementor-widget-heading\" data-id=\"a48b092\" data-element_type=\"widget\" data-e-type=\"widget\" data-widget_type=\"heading.default\">\n\t\t\t\t<div class=\"elementor-widget-container\">\n\t\t\t\t\t<h4 class=\"elementor-heading-title elementor-size-default\">Reisen Sie mit der Familie? W\u00e4hlen Sie die Junior Suite Deluxe<\/h4>\t\t\t\t<\/div>\n\t\t\t\t<\/div>\n\t\t\t\t<div class=\"elementor-element elementor-element-38e0da5 elementor-widget elementor-widget-text-editor\" data-id=\"38e0da5\" data-element_type=\"widget\" data-e-type=\"widget\" data-widget_type=\"text-editor.default\">\n\t\t\t\t<div class=\"elementor-widget-container\">\n\t\t\t\t\t\t\t\t\tDie\u00a0<strong>Junior Suite Deluxe<\/strong>\u00a0sind\u00a0<strong>2, 16 m\u00b2 gro\u00dfe, miteinander verbundene Zimmer<\/strong>, ideal f\u00fcr Familien, die die Kinder in der N\u00e4he haben wollen, aber in separaten R\u00e4umlichkeiten, und die Intimit\u00e4t und die Bequemlichkeit von 2\u00a0<strong>B\u00e4dern<\/strong>\u00a0w\u00e4hlen.\t\t\t\t\t\t\t\t<\/div>\n\t\t\t\t<\/div>\n\t\t\t\t<div class=\"elementor-element elementor-element-0860564 elementor-widget elementor-widget-heading\" data-id=\"0860564\" data-element_type=\"widget\" data-e-type=\"widget\" data-widget_type=\"heading.default\">\n\t\t\t\t<div class=\"elementor-widget-container\">\n\t\t\t\t\t<h4 class=\"elementor-heading-title elementor-size-default\">Entdecken Sie auch die Deluxe Suite<\/h4>\t\t\t\t<\/div>\n\t\t\t\t<\/div>\n\t\t\t\t<div class=\"elementor-element elementor-element-635f24c elementor-widget elementor-widget-text-editor\" data-id=\"635f24c\" data-element_type=\"widget\" data-e-type=\"widget\" data-widget_type=\"text-editor.default\">\n\t\t\t\t<div class=\"elementor-widget-container\">\n\t\t\t\t\t\t\t\t\t<p>Denken Sie an die wunderbare Entspannung in der <strong>Deluxe Suite<\/strong>\u00a0im 5. Stock mit\u00a0<strong>Whirlpool und Chromotherapie<\/strong>: ein bezauberndes und raffiniertes Ambiente, ein fantastisches und sehr bequemes Bett, um den Sternen nahe zu sein.<\/p>\n\t\t\t\t\t\t\t\t<\/div>\n\t\t\t\t<\/div>\n\t\t\t\t<div class=\"elementor-element elementor-element-09e2056 elementor-align-right elementor-widget elementor-widget-button\" data-id=\"09e2056\" data-element_type=\"widget\" data-e-type=\"widget\" data-widget_type=\"button.default\">\n\t\t\t\t<div class=\"elementor-widget-container\">\n\t\t\t\t\t\t\t\t\t<div class=\"elementor-button-wrapper\">\n\t\t\t\t\t<a class=\"elementor-button elementor-button-link elementor-size-xl\" href=\"https:\/\/my.ambassadorhotel.net\/forms\/de-DE\/reservation\" target=\"_blank\">\n\t\t\t\t\t\t<span class=\"elementor-button-content-wrapper\">\n\t\t\t\t\t\t\t\t\t<span class=\"elementor-button-text\">Buchen Sie direkt von der Website<\/span>\n\t\t\t\t\t<\/span>\n\t\t\t\t\t<\/a>\n\t\t\t\t<\/div>\n\t\t\t\t\t\t\t\t<\/div>\n\t\t\t\t<\/div>\n\t\t\t\t<div class=\"elementor-element elementor-element-f84af1a elementor-widget elementor-widget-text-editor\" data-id=\"f84af1a\" data-element_type=\"widget\" data-e-type=\"widget\" data-widget_type=\"text-editor.default\">\n\t\t\t\t<div class=\"elementor-widget-container\">\n\t\t\t\t\t\t\t\t\t<div class=\"MIDDLE-col50 tr\">\n<div class=\"t15\">Die Buchung ist sehr einfach, sehr schnell und belohnt Sie mit exklusiven Geschenken!<\/div>\n<p><\/div>\n\t\t\t\t\t\t\t\t<\/div>\n\t\t\t\t<\/div>\n\t\t\t\t\t<\/div>\n\t\t\t\t<\/div>\n\t\t<div class=\"elementor-element elementor-element-8894666 e-flex e-con-boxed e-con e-child\" data-id=\"8894666\" data-element_type=\"container\" data-e-type=\"container\">\n\t\t\t\t\t<div class=\"e-con-inner\">\n\t\t\t\t<div class=\"elementor-element elementor-element-590c0f7 elementor-widget elementor-widget-heading\" data-id=\"590c0f7\" data-element_type=\"widget\" data-e-type=\"widget\" data-widget_type=\"heading.default\">\n\t\t\t\t<div class=\"elementor-widget-container\">\n\t\t\t\t\t<h4 class=\"elementor-heading-title elementor-size-default\">Seine Ausstattung<\/h4>\t\t\t\t<\/div>\n\t\t\t\t<\/div>\n\t\t\t\t<div class=\"elementor-element elementor-element-6cf3f83 elementor-widget elementor-widget-text-editor\" data-id=\"6cf3f83\" data-element_type=\"widget\" data-e-type=\"widget\" data-widget_type=\"text-editor.default\">\n\t\t\t\t<div class=\"elementor-widget-container\">\n\t\t\t\t\t\t\t\t\t<ul>\n<li><strong>Kostenloses WLAN<\/strong><\/li>\n<li>Minibar<\/li>\n<li>Balkon<\/li>\n<li>Kabel TV<\/li>\n<li>Direktes Telefon<\/li>\n<li>Klimaanlage\/Heizung<\/li>\n<li>Bad mit Dusche, Haartrockner, Bademantel und reichem Courtesy Service<\/li>\n<\/ul>\n\t\t\t\t\t\t\t\t<\/div>\n\t\t\t\t<\/div>\n\t\t\t\t\t<\/div>\n\t\t\t\t<\/div>\n\t\t\t\t<\/div>\n\t\t<div class=\"elementor-element elementor-element-d6d5c1a e-con-full e-flex e-con e-parent\" data-id=\"d6d5c1a\" data-element_type=\"container\" data-e-type=\"container\">\n\t\t\t\t<div class=\"elementor-element elementor-element-fd830c9 elementor-widget elementor-widget-heading\" data-id=\"fd830c9\" data-element_type=\"widget\" data-e-type=\"widget\" data-widget_type=\"heading.default\">\n\t\t\t\t<div class=\"elementor-widget-container\">\n\t\t\t\t\t<h2 class=\"elementor-heading-title elementor-size-default\">ALLE UNSERE ZIMMER<\/h2>\t\t\t\t<\/div>\n\t\t\t\t<\/div>\n\t\t\t\t<div class=\"elementor-element elementor-element-19a1b10 elementor-widget elementor-widget-text-editor\" data-id=\"19a1b10\" data-element_type=\"widget\" data-e-type=\"widget\" data-widget_type=\"text-editor.default\">\n\t\t\t\t<div class=\"elementor-widget-container\">\n\t\t\t\t\t\t\t\t\t<p>Gro\u00dfe und kleine, aber bequeme und exklusive, miteinander verbundene Zimmer f\u00fcr Familien. Wir haben wirklich an alles gedacht!<\/p>\n\t\t\t\t\t\t\t\t<\/div>\n\t\t\t\t<\/div>\n\t\t\t\t<\/div>\n\t\t<div class=\"elementor-element elementor-element-f9d3d63 e-con-full e-flex e-con e-parent\" data-id=\"f9d3d63\" data-element_type=\"container\" data-e-type=\"container\">\n\t\t<div class=\"elementor-element elementor-element-626a339 e-con-full e-flex e-con e-child\" data-id=\"626a339\" data-element_type=\"container\" data-e-type=\"container\" data-settings=\"{&quot;background_background&quot;:&quot;classic&quot;}\">\n\t\t<a class=\"elementor-element elementor-element-26c4106 e-con-full e-flex e-con e-child\" data-id=\"26c4106\" data-element_type=\"container\" data-e-type=\"container\" data-settings=\"{&quot;background_background&quot;:&quot;classic&quot;}\" href=\"#\">\n\t\t\t\t<div class=\"elementor-element elementor-element-864b558 elementor-widget elementor-widget-text-editor\" data-id=\"864b558\" data-element_type=\"widget\" data-e-type=\"widget\" data-widget_type=\"text-editor.default\">\n\t\t\t\t<div class=\"elementor-widget-container\">\n\t\t\t\t\t\t\t\t\t<div id=\"boxtxt\">\n<div id=\"button\">\n<h4>SUPERIOR<\/h4>\n<div class=\"content\">13 bis 25 m2 gro\u00df, eine angenehme Atmosph\u00e4re ist dank der neuen Einrichtung und dem modernen Design garantiert<\/div>\n<p><\/div>\n<p><\/div>\n\t\t\t\t\t\t\t\t<\/div>\n\t\t\t\t<\/div>\n\t\t\t\t<\/a>\n\t\t\t\t<\/div>\n\t\t<div class=\"elementor-element elementor-element-ba3594f e-con-full e-flex e-con e-child\" data-id=\"ba3594f\" data-element_type=\"container\" data-e-type=\"container\" data-settings=\"{&quot;background_background&quot;:&quot;classic&quot;}\">\n\t\t<div class=\"elementor-element elementor-element-02d1f81 e-con-full e-flex e-con e-child\" data-id=\"02d1f81\" data-element_type=\"container\" data-e-type=\"container\" data-settings=\"{&quot;background_background&quot;:&quot;classic&quot;}\">\n\t\t\t\t<div class=\"elementor-element elementor-element-510243a elementor-widget elementor-widget-text-editor\" data-id=\"510243a\" data-element_type=\"widget\" data-e-type=\"widget\" data-widget_type=\"text-editor.default\">\n\t\t\t\t<div class=\"elementor-widget-container\">\n\t\t\t\t\t\t\t\t\t<div id=\"boxtxt\">\n<div id=\"button\">\n<h4>PRESTIGE<\/h4>\n<div class=\"content\">13 bis 25 m2 gro\u00df, elegant und exklusiv, f\u00fcr diejenigen, die sich immer das Beste g\u00f6nnen. Probieren Sie f\u00fcr einen traumhaften <strong>Urlaub in Riccione die Suite Prestige im 5. Stock.<\/strong><\/div>\n<p><\/div>\n<p><\/div>\n\t\t\t\t\t\t\t\t<\/div>\n\t\t\t\t<\/div>\n\t\t\t\t<\/div>\n\t\t\t\t<\/div>\n\t\t\t\t<\/div>\n\t\t\t\t<\/div>\n\t\t","protected":false},"excerpt":{"rendered":"<p>Deluxe Zimmer Von 16 bis 25 m2 Sorgfalt und Feinheit Den Liebhabern der Einzelheiten und der h\u00f6chsten Sorgfalt empfehlen wir das\u00a0Doppelbettzimmer Deluxe, ein\u00a0kleines Meisterwerk,\u00a0stilvoll eingerichtet, bis ins kleinste Detail gepflegt, um Atmosph\u00e4re und Bequemlichkeit zu vereinen. Reisen Sie mit der Familie? W\u00e4hlen Sie die Junior Suite Deluxe Die\u00a0Junior Suite Deluxe\u00a0sind\u00a02, 16 m\u00b2 gro\u00dfe, miteinander verbundene [&hellip;]<\/p>\n","protected":false},"author":2,"featured_media":0,"parent":0,"menu_order":0,"comment_status":"closed","ping_status":"closed","template":"","meta":{"_acf_changed":false,"footnotes":""},"class_list":["post-1462","page","type-page","status-publish","hentry"],"acf":[],"_links":{"self":[{"href":"https:\/\/www.ambassadorhotel.net\/de\/wp-json\/wp\/v2\/pages\/1462","targetHints":{"allow":["GET"]}}],"collection":[{"href":"https:\/\/www.ambassadorhotel.net\/de\/wp-json\/wp\/v2\/pages"}],"about":[{"href":"https:\/\/www.ambassadorhotel.net\/de\/wp-json\/wp\/v2\/types\/page"}],"author":[{"embeddable":true,"href":"https:\/\/www.ambassadorhotel.net\/de\/wp-json\/wp\/v2\/users\/2"}],"replies":[{"embeddable":true,"href":"https:\/\/www.ambassadorhotel.net\/de\/wp-json\/wp\/v2\/comments?post=1462"}],"version-history":[{"count":4,"href":"https:\/\/www.ambassadorhotel.net\/de\/wp-json\/wp\/v2\/pages\/1462\/revisions"}],"predecessor-version":[{"id":5389,"href":"https:\/\/www.ambassadorhotel.net\/de\/wp-json\/wp\/v2\/pages\/1462\/revisions\/5389"}],"wp:attachment":[{"href":"https:\/\/www.ambassadorhotel.net\/de\/wp-json\/wp\/v2\/media?parent=1462"}],"curies":[{"name":"wp","href":"https:\/\/api.w.org\/{rel}","templated":true}]}}