{"id":1448,"date":"2023-08-08T15:27:56","date_gmt":"2023-08-08T13:27:56","guid":{"rendered":"http:\/\/www.ambassadorhotel.net\/wo-wir-sind\/"},"modified":"2026-02-05T10:31:29","modified_gmt":"2026-02-05T09:31:29","slug":"wo-wir-sind","status":"publish","type":"page","link":"https:\/\/www.ambassadorhotel.net\/de\/wo-wir-sind\/","title":{"rendered":"wo wir sind"},"content":{"rendered":"\t\t<div data-elementor-type=\"wp-page\" data-elementor-id=\"1448\" class=\"elementor elementor-1448 elementor-1287\" data-elementor-post-type=\"page\">\n\t\t\t\t<div class=\"elementor-element elementor-element-a90bbb2 e-con-full e-flex e-con e-parent\" data-id=\"a90bbb2\" data-element_type=\"container\" data-e-type=\"container\">\n\t\t\t\t<div class=\"elementor-element elementor-element-b86f22d elementor-widget elementor-widget-google_maps\" data-id=\"b86f22d\" data-element_type=\"widget\" data-e-type=\"widget\" data-widget_type=\"google_maps.default\">\n\t\t\t\t<div class=\"elementor-widget-container\">\n\t\t\t\t\t\t\t<div class=\"elementor-custom-embed\">\n\t\t\t<iframe loading=\"lazy\"\n\t\t\t\t\tsrc=\"https:\/\/maps.google.com\/maps?q=hotel%20ambassador%20riccione&#038;t=m&#038;z=17&#038;output=embed&#038;iwloc=near\"\n\t\t\t\t\ttitle=\"hotel ambassador riccione\"\n\t\t\t\t\taria-label=\"hotel ambassador riccione\"\n\t\t\t><\/iframe>\n\t\t<\/div>\n\t\t\t\t\t\t<\/div>\n\t\t\t\t<\/div>\n\t\t\t\t<\/div>\n\t\t<div class=\"elementor-element elementor-element-92a8e8f e-con-full e-flex e-con e-parent\" data-id=\"92a8e8f\" data-element_type=\"container\" data-e-type=\"container\" id=\"down\">\n\t\t\t\t<div class=\"elementor-element elementor-element-966bd50 elementor-widget elementor-widget-heading\" data-id=\"966bd50\" data-element_type=\"widget\" data-e-type=\"widget\" data-widget_type=\"heading.default\">\n\t\t\t\t<div class=\"elementor-widget-container\">\n\t\t\t\t\t<h1 class=\"elementor-heading-title elementor-size-default\">WO WIR SIND<\/h1>\t\t\t\t<\/div>\n\t\t\t\t<\/div>\n\t\t\t\t<div class=\"elementor-element elementor-element-88cc34f elementor-widget elementor-widget-heading\" data-id=\"88cc34f\" data-element_type=\"widget\" data-e-type=\"widget\" data-widget_type=\"heading.default\">\n\t\t\t\t<div class=\"elementor-widget-container\">\n\t\t\t\t\t<h2 class=\"elementor-heading-title elementor-size-default\">Hotel in Riccione in der N\u00e4he der Thermen und von Viale Ceccarini<\/h2>\t\t\t\t<\/div>\n\t\t\t\t<\/div>\n\t\t\t\t<div class=\"elementor-element elementor-element-548a3f1 elementor-widget elementor-widget-text-editor\" data-id=\"548a3f1\" data-element_type=\"widget\" data-e-type=\"widget\" data-widget_type=\"text-editor.default\">\n\t\t\t\t<div class=\"elementor-widget-container\">\n\t\t\t\t\t\t\t\t\t<p><strong>Riccione<\/strong>\u00a0ist auch ber\u00fchmt f\u00fcr seine zwei gro\u00dfen\u00a0<strong>Themenparks<\/strong>\u00a0<strong>Riviera Romagnola<\/strong>:\u00a0<strong>Aquafan<\/strong>\u00a0und\u00a0<strong>Oltremare<\/strong>, die die\u00a0<strong>Kinder<\/strong> unterhalten und ihnen gleichzeitig viel Neues beibringen.<\/p>\n\t\t\t\t\t\t\t\t<\/div>\n\t\t\t\t<\/div>\n\t\t\t\t<\/div>\n\t\t<div class=\"elementor-element elementor-element-85d0e5e e-con-full e-flex e-con e-parent\" data-id=\"85d0e5e\" data-element_type=\"container\" data-e-type=\"container\">\n\t\t<div class=\"elementor-element elementor-element-88dc72f e-flex e-con-boxed e-con e-child\" data-id=\"88dc72f\" data-element_type=\"container\" data-e-type=\"container\">\n\t\t\t\t\t<div class=\"e-con-inner\">\n\t\t\t\t<div class=\"elementor-element elementor-element-44ee3d0 elementor-widget elementor-widget-heading\" data-id=\"44ee3d0\" data-element_type=\"widget\" data-e-type=\"widget\" data-widget_type=\"heading.default\">\n\t\t\t\t<div class=\"elementor-widget-container\">\n\t\t\t\t\t<h3 class=\"elementor-heading-title elementor-size-default\">HOTEL AMBASSADOR<\/h3>\t\t\t\t<\/div>\n\t\t\t\t<\/div>\n\t\t\t\t<div class=\"elementor-element elementor-element-7f4d344 elementor-widget elementor-widget-heading\" data-id=\"7f4d344\" data-element_type=\"widget\" data-e-type=\"widget\" data-widget_type=\"heading.default\">\n\t\t\t\t<div class=\"elementor-widget-container\">\n\t\t\t\t\t<h4 class=\"elementor-heading-title elementor-size-default\">Der Empfang und die Professionalit\u00e4t, die auf Sie eingehen<\/h4>\t\t\t\t<\/div>\n\t\t\t\t<\/div>\n\t\t\t\t<div class=\"elementor-element elementor-element-d7b755f elementor-widget elementor-widget-text-editor\" data-id=\"d7b755f\" data-element_type=\"widget\" data-e-type=\"widget\" data-widget_type=\"text-editor.default\">\n\t\t\t\t<div class=\"elementor-widget-container\">\n\t\t\t\t\t\t\t\t\t<p><strong>Der Empfang im 3-Sterne-Hotel Ambassador<\/strong>\u00a0ist an erster Stelle, neben der Bereitschaft und der Erfahrung unseres Teams finden Sie viele Vorteile f\u00fcr Ihren perfekten\u00a0<strong>Urlaub in Riccione<\/strong>.<\/p>\n<div class=\"CA20\"><\/div>\n<p>Via N. Bixio, 18 &#8211; 47838 Riccione Terme (RN)<br \/>Riviera Adriatica ITALY<\/p>\n<div class=\"CA10\"><\/div>\n<p>Tel. +39 0541 600861 &#8211; Fax (+39) 0541 600751<\/p>\n<p><a href=\"mailto:info@ambassadorhotel.net\">info@ambassadorhotel.net<\/a><\/p>\n\t\t\t\t\t\t\t\t<\/div>\n\t\t\t\t<\/div>\n\t\t\t\t<div class=\"elementor-element elementor-element-4fee8b9 elementor-align-justify elementor-widget elementor-widget-button\" data-id=\"4fee8b9\" data-element_type=\"widget\" data-e-type=\"widget\" data-widget_type=\"button.default\">\n\t\t\t\t<div class=\"elementor-widget-container\">\n\t\t\t\t\t\t\t\t\t<div class=\"elementor-button-wrapper\">\n\t\t\t\t\t<a class=\"elementor-button elementor-button-link elementor-size-xl\" href=\"https:\/\/goo.gl\/maps\/Gik1xbpeLr52\" target=\"_blank\" rel=\"noopener\">\n\t\t\t\t\t\t<span class=\"elementor-button-content-wrapper\">\n\t\t\t\t\t\t\t\t\t<span class=\"elementor-button-text\">Sehen Sie sich die interaktive Karte der einfachste Weg, mit der Viale Ceccarini zu erreichen!<\/span>\n\t\t\t\t\t<\/span>\n\t\t\t\t\t<\/a>\n\t\t\t\t<\/div>\n\t\t\t\t\t\t\t\t<\/div>\n\t\t\t\t<\/div>\n\t\t\t\t<div class=\"elementor-element elementor-element-5eb8d52 elementor-align-justify elementor-widget elementor-widget-button\" data-id=\"5eb8d52\" data-element_type=\"widget\" data-e-type=\"widget\" data-widget_type=\"button.default\">\n\t\t\t\t<div class=\"elementor-widget-container\">\n\t\t\t\t\t\t\t\t\t<div class=\"elementor-button-wrapper\">\n\t\t\t\t\t<a class=\"elementor-button elementor-button-link elementor-size-xl\" href=\"https:\/\/goo.gl\/maps\/LePS2ibvdzD2\" target=\"_blank\" rel=\"noopener\">\n\t\t\t\t\t\t<span class=\"elementor-button-content-wrapper\">\n\t\t\t\t\t\t\t\t\t<span class=\"elementor-button-text\">Sehen Sie die interaktive Karte der einfachste Weg, mit Riccione Terme zu bekommen!<\/span>\n\t\t\t\t\t<\/span>\n\t\t\t\t\t<\/a>\n\t\t\t\t<\/div>\n\t\t\t\t\t\t\t\t<\/div>\n\t\t\t\t<\/div>\n\t\t\t\t\t<\/div>\n\t\t\t\t<\/div>\n\t\t<div class=\"elementor-element elementor-element-563edbe e-flex e-con-boxed e-con e-child\" data-id=\"563edbe\" data-element_type=\"container\" data-e-type=\"container\">\n\t\t\t\t\t<div class=\"e-con-inner\">\n\t\t\t\t<div class=\"elementor-element elementor-element-29a5e87 elementor-widget elementor-widget-text-editor\" data-id=\"29a5e87\" data-element_type=\"widget\" data-e-type=\"widget\" data-widget_type=\"text-editor.default\">\n\t\t\t\t<div class=\"elementor-widget-container\">\n\t\t\t\t\t\t\t\t\t<p>Das\u00a0<strong>Hotel Ambassador<\/strong>\u00a0liegt in der\u00a0<strong>Zone der Thermen<\/strong>\u00a0von\u00a0<strong>Riccione<\/strong>,\u00a0<strong>50 Meter vom Meer<\/strong>\u00a0entfernt, zwischen den\u00a0<strong>Thermen<\/strong>\u00a0und\u00a0<strong>Viale Ceccarini<\/strong>.<\/p>\n<p><strong>Wie Sie uns erreichen k\u00f6nnen:<\/strong><\/p>\n<p><strong>Mit dem Auto<\/strong>: Von der Autobahnausfahrt Riccione auf der S.S.16 in Richtung Meer und\u00a0<strong>Thermen von Riccione<\/strong>\u00a0fahren, Strand N.54.<\/p>\n<p><strong>Mit dem Zug<\/strong>: Vom Bahnhof nach etwa 800 Metern, auf der Meerseite aus der Unterf\u00fchrung hinausgehen, und Via Cesare Battisti einschlagen, dann rechts in Via Trento e Trieste bis Via Nino Bixio Nr. 18<\/p>\n\t\t\t\t\t\t\t\t<\/div>\n\t\t\t\t<\/div>\n\t\t\t\t<div class=\"elementor-element elementor-element-64e1288 elementor-align-justify elementor-widget elementor-widget-button\" data-id=\"64e1288\" data-element_type=\"widget\" data-e-type=\"widget\" data-widget_type=\"button.default\">\n\t\t\t\t<div class=\"elementor-widget-container\">\n\t\t\t\t\t\t\t\t\t<div class=\"elementor-button-wrapper\">\n\t\t\t\t\t<a class=\"elementor-button elementor-button-link elementor-size-xl\" href=\"https:\/\/goo.gl\/maps\/D9NFHuHjqKQ2\" target=\"_blank\" rel=\"noopener\">\n\t\t\t\t\t\t<span class=\"elementor-button-content-wrapper\">\n\t\t\t\t\t\t\t\t\t<span class=\"elementor-button-text\">Sehen Sie auf der interaktiven Mappe den einfachsten Weg, um uns zu erreichen!<\/span>\n\t\t\t\t\t<\/span>\n\t\t\t\t\t<\/a>\n\t\t\t\t<\/div>\n\t\t\t\t\t\t\t\t<\/div>\n\t\t\t\t<\/div>\n\t\t\t\t\t<\/div>\n\t\t\t\t<\/div>\n\t\t\t\t<\/div>\n\t\t<div class=\"elementor-element elementor-element-ab9e980 e-con-full e-flex e-con e-parent\" data-id=\"ab9e980\" data-element_type=\"container\" data-e-type=\"container\">\n\t\t\t\t<div class=\"elementor-element elementor-element-061e9d1 elementor-widget elementor-widget-heading\" data-id=\"061e9d1\" data-element_type=\"widget\" data-e-type=\"widget\" data-widget_type=\"heading.default\">\n\t\t\t\t<div class=\"elementor-widget-container\">\n\t\t\t\t\t<h2 class=\"elementor-heading-title elementor-size-default\">H\u00e4ufig gestellte Fragen<\/h2>\t\t\t\t<\/div>\n\t\t\t\t<\/div>\n\t\t\t\t<div class=\"elementor-element elementor-element-99b6058 elementor-widget elementor-widget-n-accordion\" data-id=\"99b6058\" data-element_type=\"widget\" data-e-type=\"widget\" data-settings=\"{&quot;default_state&quot;:&quot;expanded&quot;,&quot;max_items_expended&quot;:&quot;one&quot;,&quot;n_accordion_animation_duration&quot;:{&quot;unit&quot;:&quot;ms&quot;,&quot;size&quot;:400,&quot;sizes&quot;:[]}}\" data-widget_type=\"nested-accordion.default\">\n\t\t\t\t<div class=\"elementor-widget-container\">\n\t\t\t\t\t\t\t<div class=\"e-n-accordion\" aria-label=\"Accordion. Open links with Enter or Space, close with Escape, and navigate with Arrow Keys\">\n\t\t\t\t\t\t<details id=\"e-n-accordion-item-1610\" class=\"e-n-accordion-item\" open>\n\t\t\t\t<summary class=\"e-n-accordion-item-title\" data-accordion-index=\"1\" tabindex=\"0\" aria-expanded=\"true\" aria-controls=\"e-n-accordion-item-1610\" >\n\t\t\t\t\t<span class='e-n-accordion-item-title-header'><h3 class=\"e-n-accordion-item-title-text\"> 1. Wie weit ist das Hotel Ambassador vom Strand entfernt? <\/h3><\/span>\n\t\t\t\t\t\t\t<span class='e-n-accordion-item-title-icon'>\n\t\t\t<span class='e-opened' ><i aria-hidden=\"true\" class=\"far fa-angle-up\"><\/i><\/span>\n\t\t\t<span class='e-closed'><i aria-hidden=\"true\" class=\"far fa-angle-down\"><\/i><\/span>\n\t\t<\/span>\n\n\t\t\t\t\t\t<\/summary>\n\t\t\t\t<div role=\"region\" aria-labelledby=\"e-n-accordion-item-1610\" class=\"elementor-element elementor-element-aeff123 e-con-full e-flex e-con e-child\" data-id=\"aeff123\" data-element_type=\"container\" data-e-type=\"container\">\n\t\t<div role=\"region\" aria-labelledby=\"e-n-accordion-item-1610\" class=\"elementor-element elementor-element-f5c0c04 e-flex e-con-boxed e-con e-child\" data-id=\"f5c0c04\" data-element_type=\"container\" data-e-type=\"container\">\n\t\t\t\t\t<div class=\"e-con-inner\">\n\t\t\t\t<div class=\"elementor-element elementor-element-d32910d elementor-widget elementor-widget-text-editor\" data-id=\"d32910d\" data-element_type=\"widget\" data-e-type=\"widget\" data-widget_type=\"text-editor.default\">\n\t\t\t\t<div class=\"elementor-widget-container\">\n\t\t\t\t\t\t\t\t\t<p data-start=\"492\" data-end=\"607\">Das Hotel Ambassador liegt <strong data-start=\"522\" data-end=\"556\">etwa 100 Meter vom Strand entfernt<\/strong> und ist in wenigen Minuten bequem zu Fu\u00df erreichbar.<\/p>\n\t\t\t\t\t\t\t\t<\/div>\n\t\t\t\t<\/div>\n\t\t\t\t\t<\/div>\n\t\t\t\t<\/div>\n\t\t\t\t<\/div>\n\t\t\t\t\t<\/details>\n\t\t\t\t\t\t<details id=\"e-n-accordion-item-1611\" class=\"e-n-accordion-item\" >\n\t\t\t\t<summary class=\"e-n-accordion-item-title\" data-accordion-index=\"2\" tabindex=\"-1\" aria-expanded=\"false\" aria-controls=\"e-n-accordion-item-1611\" >\n\t\t\t\t\t<span class='e-n-accordion-item-title-header'><h3 class=\"e-n-accordion-item-title-text\"> 2. Wie weit ist das Hotel vom Zentrum von Riccione entfernt? <\/h3><\/span>\n\t\t\t\t\t\t\t<span class='e-n-accordion-item-title-icon'>\n\t\t\t<span class='e-opened' ><i aria-hidden=\"true\" class=\"far fa-angle-up\"><\/i><\/span>\n\t\t\t<span class='e-closed'><i aria-hidden=\"true\" class=\"far fa-angle-down\"><\/i><\/span>\n\t\t<\/span>\n\n\t\t\t\t\t\t<\/summary>\n\t\t\t\t<div role=\"region\" aria-labelledby=\"e-n-accordion-item-1611\" class=\"elementor-element elementor-element-3f6967b e-con-full e-flex e-con e-child\" data-id=\"3f6967b\" data-element_type=\"container\" data-e-type=\"container\">\n\t\t<div role=\"region\" aria-labelledby=\"e-n-accordion-item-1611\" class=\"elementor-element elementor-element-43386a5 e-flex e-con-boxed e-con e-child\" data-id=\"43386a5\" data-element_type=\"container\" data-e-type=\"container\">\n\t\t\t\t\t<div class=\"e-con-inner\">\n\t\t\t\t<div class=\"elementor-element elementor-element-1a2df2c elementor-widget elementor-widget-text-editor\" data-id=\"1a2df2c\" data-element_type=\"widget\" data-e-type=\"widget\" data-widget_type=\"text-editor.default\">\n\t\t\t\t<div class=\"elementor-widget-container\">\n\t\t\t\t\t\t\t\t\t<p data-start=\"663\" data-end=\"786\">Das Zentrum von Riccione liegt <strong data-start=\"691\" data-end=\"712\">etwa 1.000 Meter<\/strong> vom Hotel entfernt und ist zu Fu\u00df oder mit \u00f6ffentlichen Verkehrsmitteln erreichbar.<\/p>\n<p><\/p>\n\t\t\t\t\t\t\t\t<\/div>\n\t\t\t\t<\/div>\n\t\t\t\t\t<\/div>\n\t\t\t\t<\/div>\n\t\t\t\t<\/div>\n\t\t\t\t\t<\/details>\n\t\t\t\t\t\t<details id=\"e-n-accordion-item-1612\" class=\"e-n-accordion-item\" >\n\t\t\t\t<summary class=\"e-n-accordion-item-title\" data-accordion-index=\"3\" tabindex=\"-1\" aria-expanded=\"false\" aria-controls=\"e-n-accordion-item-1612\" >\n\t\t\t\t\t<span class='e-n-accordion-item-title-header'><h3 class=\"e-n-accordion-item-title-text\"> 3. Wie weit ist es bis zu den Thermen von Riccione? <\/h3><\/span>\n\t\t\t\t\t\t\t<span class='e-n-accordion-item-title-icon'>\n\t\t\t<span class='e-opened' ><i aria-hidden=\"true\" class=\"far fa-angle-up\"><\/i><\/span>\n\t\t\t<span class='e-closed'><i aria-hidden=\"true\" class=\"far fa-angle-down\"><\/i><\/span>\n\t\t<\/span>\n\n\t\t\t\t\t\t<\/summary>\n\t\t\t\t<div role=\"region\" aria-labelledby=\"e-n-accordion-item-1612\" class=\"elementor-element elementor-element-0caa8a1 e-con-full e-flex e-con e-child\" data-id=\"0caa8a1\" data-element_type=\"container\" data-e-type=\"container\">\n\t\t<div role=\"region\" aria-labelledby=\"e-n-accordion-item-1612\" class=\"elementor-element elementor-element-bb215e1 e-flex e-con-boxed e-con e-child\" data-id=\"bb215e1\" data-element_type=\"container\" data-e-type=\"container\">\n\t\t\t\t\t<div class=\"e-con-inner\">\n\t\t\t\t<div class=\"elementor-element elementor-element-680db16 elementor-widget elementor-widget-text-editor\" data-id=\"680db16\" data-element_type=\"widget\" data-e-type=\"widget\" data-widget_type=\"text-editor.default\">\n\t\t\t\t<div class=\"elementor-widget-container\">\n\t\t\t\t\t\t\t\t\t<p>Die Thermen von Riccione befinden sich <strong data-start=\"875\" data-end=\"916\">etwa 300 Meter vom Hotel Ambassador entfernt<\/strong> und sind somit ideal f\u00fcr alle, die ihren Aufenthalt mit Wellness-Anwendungen verbinden m\u00f6chten.<\/p>\n\t\t\t\t\t\t\t\t<\/div>\n\t\t\t\t<\/div>\n\t\t\t\t\t<\/div>\n\t\t\t\t<\/div>\n\t\t\t\t<\/div>\n\t\t\t\t\t<\/details>\n\t\t\t\t\t<\/div>\n\t\t\t\t\t<script type=\"application\/ld+json\">{\"@context\":\"https:\\\/\\\/schema.org\",\"@type\":\"FAQPage\",\"mainEntity\":[{\"@type\":\"Question\",\"name\":\"1. Wie weit ist das Hotel Ambassador vom Strand entfernt?\",\"acceptedAnswer\":{\"@type\":\"Answer\",\"text\":\"Das Hotel Ambassador liegt etwa 100 Meter vom Strand entfernt und ist in wenigen Minuten bequem zu Fu\\u00df erreichbar.\"}},{\"@type\":\"Question\",\"name\":\"2. Wie weit ist das Hotel vom Zentrum von Riccione entfernt?\",\"acceptedAnswer\":{\"@type\":\"Answer\",\"text\":\"Das Zentrum von Riccione liegt etwa 1.000 Meter vom Hotel entfernt und ist zu Fu\\u00df oder mit \\u00f6ffentlichen Verkehrsmitteln erreichbar.\"}},{\"@type\":\"Question\",\"name\":\"3. Wie weit ist es bis zu den Thermen von Riccione?\",\"acceptedAnswer\":{\"@type\":\"Answer\",\"text\":\"Die Thermen von Riccione befinden sich etwa 300 Meter vom Hotel Ambassador entfernt und sind somit ideal f\\u00fcr alle, die ihren Aufenthalt mit Wellness-Anwendungen verbinden m\\u00f6chten.\"}}]}<\/script>\n\t\t\t\t\t\t\t<\/div>\n\t\t\t\t<\/div>\n\t\t\t\t<\/div>\n\t\t\t\t<\/div>\n\t\t","protected":false},"excerpt":{"rendered":"<p>WO WIR SIND Hotel in Riccione in der N\u00e4he der Thermen und von Viale Ceccarini Riccione\u00a0ist auch ber\u00fchmt f\u00fcr seine zwei gro\u00dfen\u00a0Themenparks\u00a0Riviera Romagnola:\u00a0Aquafan\u00a0und\u00a0Oltremare, die die\u00a0Kinder unterhalten und ihnen gleichzeitig viel Neues beibringen. HOTEL AMBASSADOR Der Empfang und die Professionalit\u00e4t, die auf Sie eingehen Der Empfang im 3-Sterne-Hotel Ambassador\u00a0ist an erster Stelle, neben der Bereitschaft und [&hellip;]<\/p>\n","protected":false},"author":2,"featured_media":0,"parent":0,"menu_order":0,"comment_status":"closed","ping_status":"closed","template":"","meta":{"_acf_changed":false,"footnotes":""},"class_list":["post-1448","page","type-page","status-publish","hentry"],"acf":[],"_links":{"self":[{"href":"https:\/\/www.ambassadorhotel.net\/de\/wp-json\/wp\/v2\/pages\/1448","targetHints":{"allow":["GET"]}}],"collection":[{"href":"https:\/\/www.ambassadorhotel.net\/de\/wp-json\/wp\/v2\/pages"}],"about":[{"href":"https:\/\/www.ambassadorhotel.net\/de\/wp-json\/wp\/v2\/types\/page"}],"author":[{"embeddable":true,"href":"https:\/\/www.ambassadorhotel.net\/de\/wp-json\/wp\/v2\/users\/2"}],"replies":[{"embeddable":true,"href":"https:\/\/www.ambassadorhotel.net\/de\/wp-json\/wp\/v2\/comments?post=1448"}],"version-history":[{"count":3,"href":"https:\/\/www.ambassadorhotel.net\/de\/wp-json\/wp\/v2\/pages\/1448\/revisions"}],"predecessor-version":[{"id":5286,"href":"https:\/\/www.ambassadorhotel.net\/de\/wp-json\/wp\/v2\/pages\/1448\/revisions\/5286"}],"wp:attachment":[{"href":"https:\/\/www.ambassadorhotel.net\/de\/wp-json\/wp\/v2\/media?parent=1448"}],"curies":[{"name":"wp","href":"https:\/\/api.w.org\/{rel}","templated":true}]}}